{"id":1077,"date":"2023-02-09T11:47:19","date_gmt":"2023-02-09T08:47:19","guid":{"rendered":"https:\/\/invertormerkezi.com\/?post_type=product&#038;p=1077"},"modified":"2023-07-04T15:05:13","modified_gmt":"2023-07-04T12:05:13","slug":"danfoss-132f0059-fc051-15kw-hiz-kontrol","status":"publish","type":"product","link":"https:\/\/invertormerkezi.com\/index.php\/urun\/danfoss-132f0059-fc051-15kw-hiz-kontrol\/","title":{"rendered":"DANFOSS 132F0059 FC051 15KW HIZ KONTROL"},"content":{"rendered":"<p>FC-051P15KT4E20H3B 132F0059 SER\u0130S\u0130 DANFOSS 15KW HIZ KONTROL C\u0130HAZI<br \/>\nET\u0130KETLER : #DANFOSS #VLT #FC051 #15 KW #S\u00dcR\u00dcC\u00dc #HIZ KONTROL C\u0130HAZI #INVERTOR<\/p>\n","protected":false},"excerpt":{"rendered":"<p>FC-051P15KT4E20H3B 132F0059 SER\u0130S\u0130 DANFOSS 15KW HIZ KONTROL C\u0130HAZI<br \/>\nET\u0130KETLER : #DANFOSS #VLT #FC051 #15 KW #S\u00dcR\u00dcC\u00dc #HIZ KONTROL C\u0130HAZI #INVERTOR<\/p>\n","protected":false},"featured_media":1078,"comment_status":"open","ping_status":"closed","template":"","meta":{"om_disable_all_campaigns":false,"_monsterinsights_skip_tracking":false,"_monsterinsights_sitenote_active":false,"_monsterinsights_sitenote_note":"","_monsterinsights_sitenote_category":0,"site-sidebar-layout":"default","site-content-layout":"default","ast-global-header-display":"","ast-main-header-display":"","ast-hfb-above-header-display":"","ast-hfb-below-header-display":"","ast-hfb-mobile-header-display":"","site-post-title":"","ast-breadcrumbs-content":"","ast-featured-img":"","footer-sml-layout":"","theme-transparent-header-meta":"default","adv-header-id-meta":"","stick-header-meta":"","header-above-stick-meta":"","header-main-stick-meta":"","header-below-stick-meta":""},"product_cat":[76,58],"product_tag":[126,68,69,67],"aioseo_notices":[],"_links":{"self":[{"href":"https:\/\/invertormerkezi.com\/index.php\/wp-json\/wp\/v2\/product\/1077"}],"collection":[{"href":"https:\/\/invertormerkezi.com\/index.php\/wp-json\/wp\/v2\/product"}],"about":[{"href":"https:\/\/invertormerkezi.com\/index.php\/wp-json\/wp\/v2\/types\/product"}],"replies":[{"embeddable":true,"href":"https:\/\/invertormerkezi.com\/index.php\/wp-json\/wp\/v2\/comments?post=1077"}],"wp:featuredmedia":[{"embeddable":true,"href":"https:\/\/invertormerkezi.com\/index.php\/wp-json\/wp\/v2\/media\/1078"}],"wp:attachment":[{"href":"https:\/\/invertormerkezi.com\/index.php\/wp-json\/wp\/v2\/media?parent=1077"}],"wp:term":[{"taxonomy":"product_cat","embeddable":true,"href":"https:\/\/invertormerkezi.com\/index.php\/wp-json\/wp\/v2\/product_cat?post=1077"},{"taxonomy":"product_tag","embeddable":true,"href":"https:\/\/invertormerkezi.com\/index.php\/wp-json\/wp\/v2\/product_tag?post=1077"}],"curies":[{"name":"wp","href":"https:\/\/api.w.org\/{rel}","templated":true}]}}