{"id":1307,"date":"2023-02-13T21:41:37","date_gmt":"2023-02-13T18:41:37","guid":{"rendered":"https:\/\/invertormerkezi.com\/?post_type=product&#038;p=1307"},"modified":"2023-07-04T13:59:21","modified_gmt":"2023-07-04T10:59:21","slug":"0370p-degdrive-30-37-kw-hiz-kontrol-2","status":"publish","type":"product","link":"https:\/\/invertormerkezi.com\/index.php\/urun\/0370p-degdrive-30-37-kw-hiz-kontrol-2\/","title":{"rendered":"0370P DEGDRIVE 30\/37 KW HIZ KONTROL"},"content":{"rendered":"<p>DGI1000-4T0300G\/0370P SER\u0130S\u0130 DEGDRIVE 30\/37 KW HIZ KONTROL C\u0130HAZI<br \/>\nET\u0130KETLER : #DEGDRIVE #DGI1000 #30 KW #37 KW #30\/37 KW #S\u00dcR\u00dcC\u00dc #HIZ KONTROL C\u0130HAZI #INVERTOR<\/p>\n","protected":false},"excerpt":{"rendered":"<p>DGI1000-4T0300G\/0370P SER\u0130S\u0130 DEGDRIVE 30\/37 KW HIZ KONTROL C\u0130HAZI<br \/>\nET\u0130KETLER : #DEGDRIVE #DGI1000 #30 KW #37 KW #30\/37 KW #S\u00dcR\u00dcC\u00dc #HIZ KONTROL C\u0130HAZI #INVERTOR<\/p>\n","protected":false},"featured_media":1308,"comment_status":"open","ping_status":"closed","template":"","meta":{"om_disable_all_campaigns":false,"_monsterinsights_skip_tracking":false,"_monsterinsights_sitenote_active":false,"_monsterinsights_sitenote_note":"","_monsterinsights_sitenote_category":0,"site-sidebar-layout":"default","site-content-layout":"default","ast-global-header-display":"","ast-main-header-display":"","ast-hfb-above-header-display":"","ast-hfb-below-header-display":"","ast-hfb-mobile-header-display":"","site-post-title":"","ast-breadcrumbs-content":"","ast-featured-img":"","footer-sml-layout":"","theme-transparent-header-meta":"default","adv-header-id-meta":"","stick-header-meta":"","header-above-stick-meta":"","header-main-stick-meta":"","header-below-stick-meta":""},"product_cat":[77,58],"product_tag":[130,68,69,67],"aioseo_notices":[],"_links":{"self":[{"href":"https:\/\/invertormerkezi.com\/index.php\/wp-json\/wp\/v2\/product\/1307"}],"collection":[{"href":"https:\/\/invertormerkezi.com\/index.php\/wp-json\/wp\/v2\/product"}],"about":[{"href":"https:\/\/invertormerkezi.com\/index.php\/wp-json\/wp\/v2\/types\/product"}],"replies":[{"embeddable":true,"href":"https:\/\/invertormerkezi.com\/index.php\/wp-json\/wp\/v2\/comments?post=1307"}],"wp:featuredmedia":[{"embeddable":true,"href":"https:\/\/invertormerkezi.com\/index.php\/wp-json\/wp\/v2\/media\/1308"}],"wp:attachment":[{"href":"https:\/\/invertormerkezi.com\/index.php\/wp-json\/wp\/v2\/media?parent=1307"}],"wp:term":[{"taxonomy":"product_cat","embeddable":true,"href":"https:\/\/invertormerkezi.com\/index.php\/wp-json\/wp\/v2\/product_cat?post=1307"},{"taxonomy":"product_tag","embeddable":true,"href":"https:\/\/invertormerkezi.com\/index.php\/wp-json\/wp\/v2\/product_tag?post=1307"}],"curies":[{"name":"wp","href":"https:\/\/api.w.org\/{rel}","templated":true}]}}