{"id":1482,"date":"2023-02-16T16:47:57","date_gmt":"2023-02-16T13:47:57","guid":{"rendered":"https:\/\/invertormerkezi.com\/?post_type=product&#038;p=1482"},"modified":"2023-07-04T18:05:45","modified_gmt":"2023-07-04T15:05:45","slug":"art-nr-10-f5-g3b-keb-22kw-hiz-kontrol","status":"publish","type":"product","link":"https:\/\/invertormerkezi.com\/index.php\/urun\/art-nr-10-f5-g3b-keb-22kw-hiz-kontrol\/","title":{"rendered":"ART-NR. 10.F5.G3B KEB 2,2KW HIZ KONTROL"},"content":{"rendered":"<p>ART-NR. 10.F5.G3B-3A0A<br \/>\nART-NR. 10.F5.G3B-3A0A SER\u0130S\u0130 KEB 2,2KW HIZ KONTROL C\u0130HAZI<br \/>\nET\u0130KETLER : #KEB #F5G #2,2 KW #S\u00dcR\u00dcC\u00dc #HIZ KONTROL C\u0130HAZI #INVERTOR<\/p>\n","protected":false},"excerpt":{"rendered":"<p>ART-NR. 10.F5.G3B-3A0A<br \/>\nART-NR. 10.F5.G3B-3A0A SER\u0130S\u0130 KEB 2,2KW HIZ KONTROL C\u0130HAZI<br \/>\nET\u0130KETLER : #KEB #F5G #2,2 KW #S\u00dcR\u00dcC\u00dc #HIZ KONTROL C\u0130HAZI #INVERTOR<\/p>\n","protected":false},"featured_media":1483,"comment_status":"open","ping_status":"closed","template":"","meta":{"om_disable_all_campaigns":false,"_monsterinsights_skip_tracking":false,"_monsterinsights_sitenote_active":false,"_monsterinsights_sitenote_note":"","_monsterinsights_sitenote_category":0,"site-sidebar-layout":"default","site-content-layout":"default","ast-global-header-display":"","ast-main-header-display":"","ast-hfb-above-header-display":"","ast-hfb-below-header-display":"","ast-hfb-mobile-header-display":"","site-post-title":"","ast-breadcrumbs-content":"","ast-featured-img":"","footer-sml-layout":"","theme-transparent-header-meta":"default","adv-header-id-meta":"","stick-header-meta":"","header-above-stick-meta":"","header-main-stick-meta":"","header-below-stick-meta":""},"product_cat":[58,93],"product_tag":[68,69,142,67],"aioseo_notices":[],"_links":{"self":[{"href":"https:\/\/invertormerkezi.com\/index.php\/wp-json\/wp\/v2\/product\/1482"}],"collection":[{"href":"https:\/\/invertormerkezi.com\/index.php\/wp-json\/wp\/v2\/product"}],"about":[{"href":"https:\/\/invertormerkezi.com\/index.php\/wp-json\/wp\/v2\/types\/product"}],"replies":[{"embeddable":true,"href":"https:\/\/invertormerkezi.com\/index.php\/wp-json\/wp\/v2\/comments?post=1482"}],"wp:featuredmedia":[{"embeddable":true,"href":"https:\/\/invertormerkezi.com\/index.php\/wp-json\/wp\/v2\/media\/1483"}],"wp:attachment":[{"href":"https:\/\/invertormerkezi.com\/index.php\/wp-json\/wp\/v2\/media?parent=1482"}],"wp:term":[{"taxonomy":"product_cat","embeddable":true,"href":"https:\/\/invertormerkezi.com\/index.php\/wp-json\/wp\/v2\/product_cat?post=1482"},{"taxonomy":"product_tag","embeddable":true,"href":"https:\/\/invertormerkezi.com\/index.php\/wp-json\/wp\/v2\/product_tag?post=1482"}],"curies":[{"name":"wp","href":"https:\/\/api.w.org\/{rel}","templated":true}]}}