{"id":1494,"date":"2023-02-16T16:52:50","date_gmt":"2023-02-16T13:52:50","guid":{"rendered":"https:\/\/invertormerkezi.com\/?post_type=product&#038;p=1494"},"modified":"2023-07-04T13:53:15","modified_gmt":"2023-07-04T10:53:15","slug":"esmd251x2sfa00-lenze-025-kw-hiz-kontrol","status":"publish","type":"product","link":"https:\/\/invertormerkezi.com\/index.php\/urun\/esmd251x2sfa00-lenze-025-kw-hiz-kontrol\/","title":{"rendered":"ESMD251X2SFA00 LENZE 0,25 KW HIZ KONTROL"},"content":{"rendered":"<p>ESMD251X2SFA000X2H21<br \/>\nESMD251X2SFA000X2H21 SER\u0130S\u0130 LENZE 0,25 KW HIZ KONTROL C\u0130HAZI<br \/>\nET\u0130KETLER : #LENZE #ESMD #0,25 KW #S\u00dcR\u00dcC\u00dc #HIZ KONTROL C\u0130HAZI #INVERTOR<\/p>\n","protected":false},"excerpt":{"rendered":"<p>ESMD251X2SFA000X2H21<br \/>\nESMD251X2SFA000X2H21 SER\u0130S\u0130 LENZE 0,25 KW HIZ KONTROL C\u0130HAZI<br \/>\nET\u0130KETLER : #LENZE #ESMD #0,25 KW #S\u00dcR\u00dcC\u00dc #HIZ KONTROL C\u0130HAZI #INVERTOR<\/p>\n","protected":false},"featured_media":1495,"comment_status":"open","ping_status":"closed","template":"","meta":{"om_disable_all_campaigns":false,"_monsterinsights_skip_tracking":false,"_monsterinsights_sitenote_active":false,"_monsterinsights_sitenote_note":"","_monsterinsights_sitenote_category":0,"site-sidebar-layout":"default","site-content-layout":"default","ast-global-header-display":"","ast-main-header-display":"","ast-hfb-above-header-display":"","ast-hfb-below-header-display":"","ast-hfb-mobile-header-display":"","site-post-title":"","ast-breadcrumbs-content":"","ast-featured-img":"","footer-sml-layout":"","theme-transparent-header-meta":"default","adv-header-id-meta":"","stick-header-meta":"","header-above-stick-meta":"","header-main-stick-meta":"","header-below-stick-meta":""},"product_cat":[58,95],"product_tag":[68,69,144,67],"aioseo_notices":[],"_links":{"self":[{"href":"https:\/\/invertormerkezi.com\/index.php\/wp-json\/wp\/v2\/product\/1494"}],"collection":[{"href":"https:\/\/invertormerkezi.com\/index.php\/wp-json\/wp\/v2\/product"}],"about":[{"href":"https:\/\/invertormerkezi.com\/index.php\/wp-json\/wp\/v2\/types\/product"}],"replies":[{"embeddable":true,"href":"https:\/\/invertormerkezi.com\/index.php\/wp-json\/wp\/v2\/comments?post=1494"}],"wp:featuredmedia":[{"embeddable":true,"href":"https:\/\/invertormerkezi.com\/index.php\/wp-json\/wp\/v2\/media\/1495"}],"wp:attachment":[{"href":"https:\/\/invertormerkezi.com\/index.php\/wp-json\/wp\/v2\/media?parent=1494"}],"wp:term":[{"taxonomy":"product_cat","embeddable":true,"href":"https:\/\/invertormerkezi.com\/index.php\/wp-json\/wp\/v2\/product_cat?post=1494"},{"taxonomy":"product_tag","embeddable":true,"href":"https:\/\/invertormerkezi.com\/index.php\/wp-json\/wp\/v2\/product_tag?post=1494"}],"curies":[{"name":"wp","href":"https:\/\/api.w.org\/{rel}","templated":true}]}}