{"id":1518,"date":"2023-02-17T11:20:39","date_gmt":"2023-02-17T08:20:39","guid":{"rendered":"https:\/\/invertormerkezi.com\/?post_type=product&#038;p=1518"},"modified":"2023-07-05T18:31:40","modified_gmt":"2023-07-05T15:31:40","slug":"evo680043s-liteon-55-75-kw-hiz-kontrol","status":"publish","type":"product","link":"https:\/\/invertormerkezi.com\/index.php\/urun\/evo680043s-liteon-55-75-kw-hiz-kontrol\/","title":{"rendered":"EVO680043S LITEON 5,5\/7,5 KW HIZ KONTROL"},"content":{"rendered":"<p>EVO680043S5D5E20<br \/>\nEVO680043S5D5E20 SER\u0130S\u0130 LITEON 5,5\/7,5 KW HIZ KONTROL C\u0130HAZI<br \/>\n#LITEON #EVO 6800 #5,5 KW #7,5 KW #5,5\/7,5 KW #S\u00dcR\u00dcC\u00dc #HIZ KONTROL C\u0130HAZI #INVERTOR<\/p>\n","protected":false},"excerpt":{"rendered":"<p>EVO680043S5D5E20<br \/>\nEVO680043S5D5E20 SER\u0130S\u0130 LITEON 5,5\/7,5 KW HIZ KONTROL C\u0130HAZI<br \/>\n#LITEON #EVO 6800 #5,5 KW #7,5 KW #5,5\/7,5 KW #S\u00dcR\u00dcC\u00dc #HIZ KONTROL C\u0130HAZI #INVERTOR<\/p>\n","protected":false},"featured_media":1519,"comment_status":"open","ping_status":"closed","template":"","meta":{"om_disable_all_campaigns":false,"_monsterinsights_skip_tracking":false,"_monsterinsights_sitenote_active":false,"_monsterinsights_sitenote_note":"","_monsterinsights_sitenote_category":0,"site-sidebar-layout":"default","site-content-layout":"default","ast-global-header-display":"","ast-main-header-display":"","ast-hfb-above-header-display":"","ast-hfb-below-header-display":"","ast-hfb-mobile-header-display":"","site-post-title":"","ast-breadcrumbs-content":"","ast-featured-img":"","footer-sml-layout":"","theme-transparent-header-meta":"default","adv-header-id-meta":"","stick-header-meta":"","header-above-stick-meta":"","header-main-stick-meta":"","header-below-stick-meta":""},"product_cat":[58,98],"product_tag":[68,69,145,67],"aioseo_notices":[],"_links":{"self":[{"href":"https:\/\/invertormerkezi.com\/index.php\/wp-json\/wp\/v2\/product\/1518"}],"collection":[{"href":"https:\/\/invertormerkezi.com\/index.php\/wp-json\/wp\/v2\/product"}],"about":[{"href":"https:\/\/invertormerkezi.com\/index.php\/wp-json\/wp\/v2\/types\/product"}],"replies":[{"embeddable":true,"href":"https:\/\/invertormerkezi.com\/index.php\/wp-json\/wp\/v2\/comments?post=1518"}],"wp:featuredmedia":[{"embeddable":true,"href":"https:\/\/invertormerkezi.com\/index.php\/wp-json\/wp\/v2\/media\/1519"}],"wp:attachment":[{"href":"https:\/\/invertormerkezi.com\/index.php\/wp-json\/wp\/v2\/media?parent=1518"}],"wp:term":[{"taxonomy":"product_cat","embeddable":true,"href":"https:\/\/invertormerkezi.com\/index.php\/wp-json\/wp\/v2\/product_cat?post=1518"},{"taxonomy":"product_tag","embeddable":true,"href":"https:\/\/invertormerkezi.com\/index.php\/wp-json\/wp\/v2\/product_tag?post=1518"}],"curies":[{"name":"wp","href":"https:\/\/api.w.org\/{rel}","templated":true}]}}