{"id":1575,"date":"2023-02-17T11:54:04","date_gmt":"2023-02-17T08:54:04","guid":{"rendered":"https:\/\/invertormerkezi.com\/?post_type=product&#038;p=1575"},"modified":"2023-07-04T12:30:21","modified_gmt":"2023-07-04T09:30:21","slug":"sv300ip5a-4no-ls-30-kw-hiz-kontrol","status":"publish","type":"product","link":"https:\/\/invertormerkezi.com\/index.php\/urun\/sv300ip5a-4no-ls-30-kw-hiz-kontrol\/","title":{"rendered":"SV300\u0130P5A-4NO LS 30 KW HIZ KONTROL"},"content":{"rendered":"<p>SV300\u0130P5A-4NO<br \/>\nSV300\u0130P5A-4NO SER\u0130S\u0130 LS 30 KW HIZ KONTROL C\u0130HAZI<br \/>\nET\u0130KETLER : #LS #IP5A #30 KW #S\u00dcR\u00dcC\u00dc #HIZ KONTROL C\u0130HAZI #INVERTOR<\/p>\n","protected":false},"excerpt":{"rendered":"<p>SV300\u0130P5A-4NO<br \/>\nSV300\u0130P5A-4NO SER\u0130S\u0130 LS 30 KW HIZ KONTROL C\u0130HAZI<br \/>\nET\u0130KETLER : #LS #IP5A #30 KW #S\u00dcR\u00dcC\u00dc #HIZ KONTROL C\u0130HAZI #INVERTOR<\/p>\n","protected":false},"featured_media":1576,"comment_status":"open","ping_status":"closed","template":"","meta":{"om_disable_all_campaigns":false,"_monsterinsights_skip_tracking":false,"_monsterinsights_sitenote_active":false,"_monsterinsights_sitenote_note":"","_monsterinsights_sitenote_category":0,"site-sidebar-layout":"default","site-content-layout":"default","ast-global-header-display":"","ast-main-header-display":"","ast-hfb-above-header-display":"","ast-hfb-below-header-display":"","ast-hfb-mobile-header-display":"","site-post-title":"","ast-breadcrumbs-content":"","ast-featured-img":"","footer-sml-layout":"","theme-transparent-header-meta":"default","adv-header-id-meta":"","stick-header-meta":"","header-above-stick-meta":"","header-main-stick-meta":"","header-below-stick-meta":""},"product_cat":[58,148,97],"product_tag":[68,69,149,67],"aioseo_notices":[],"_links":{"self":[{"href":"https:\/\/invertormerkezi.com\/index.php\/wp-json\/wp\/v2\/product\/1575"}],"collection":[{"href":"https:\/\/invertormerkezi.com\/index.php\/wp-json\/wp\/v2\/product"}],"about":[{"href":"https:\/\/invertormerkezi.com\/index.php\/wp-json\/wp\/v2\/types\/product"}],"replies":[{"embeddable":true,"href":"https:\/\/invertormerkezi.com\/index.php\/wp-json\/wp\/v2\/comments?post=1575"}],"wp:featuredmedia":[{"embeddable":true,"href":"https:\/\/invertormerkezi.com\/index.php\/wp-json\/wp\/v2\/media\/1576"}],"wp:attachment":[{"href":"https:\/\/invertormerkezi.com\/index.php\/wp-json\/wp\/v2\/media?parent=1575"}],"wp:term":[{"taxonomy":"product_cat","embeddable":true,"href":"https:\/\/invertormerkezi.com\/index.php\/wp-json\/wp\/v2\/product_cat?post=1575"},{"taxonomy":"product_tag","embeddable":true,"href":"https:\/\/invertormerkezi.com\/index.php\/wp-json\/wp\/v2\/product_tag?post=1575"}],"curies":[{"name":"wp","href":"https:\/\/api.w.org\/{rel}","templated":true}]}}