{"id":1666,"date":"2023-02-17T22:09:11","date_gmt":"2023-02-17T19:09:11","guid":{"rendered":"https:\/\/invertormerkezi.com\/?post_type=product&#038;p=1666"},"modified":"2023-07-24T11:06:06","modified_gmt":"2023-07-24T08:06:06","slug":"asd-a1021ma-delta-1-kw-ac-servo-surucu","status":"publish","type":"product","link":"https:\/\/invertormerkezi.com\/index.php\/urun\/asd-a1021ma-delta-1-kw-ac-servo-surucu\/","title":{"rendered":"ASD-A1021MA DELTA 1 KW AC SERVO S\u00dcR\u00dcC\u00dc"},"content":{"rendered":"<p>ASD-A1021MA<br \/>\nASD-A1021MA SER\u0130S\u0130 DELTA 1 KW AC SERVO S\u00dcR\u00dcC\u00dc<br \/>\nET\u0130KETLER : #DELTA #ASD #1 KW #SERVO<\/p>\n","protected":false},"excerpt":{"rendered":"<p>ASD-A1021MA<br \/>\nASD-A1021MA SER\u0130S\u0130 DELTA 1 KW AC SERVO S\u00dcR\u00dcC\u00dc<br \/>\nET\u0130KETLER : #DELTA #ASD #1 KW #SERVO<\/p>\n","protected":false},"featured_media":1667,"comment_status":"open","ping_status":"closed","template":"","meta":{"om_disable_all_campaigns":false,"_monsterinsights_skip_tracking":false,"_monsterinsights_sitenote_active":false,"_monsterinsights_sitenote_note":"","_monsterinsights_sitenote_category":0,"site-sidebar-layout":"default","site-content-layout":"default","ast-global-header-display":"","ast-main-header-display":"","ast-hfb-above-header-display":"","ast-hfb-below-header-display":"","ast-hfb-mobile-header-display":"","site-post-title":"","ast-breadcrumbs-content":"","ast-featured-img":"","footer-sml-layout":"","theme-transparent-header-meta":"default","adv-header-id-meta":"","stick-header-meta":"","header-above-stick-meta":"","header-main-stick-meta":"","header-below-stick-meta":""},"product_cat":[78,59],"product_tag":[134,167,67],"aioseo_notices":[],"_links":{"self":[{"href":"https:\/\/invertormerkezi.com\/index.php\/wp-json\/wp\/v2\/product\/1666"}],"collection":[{"href":"https:\/\/invertormerkezi.com\/index.php\/wp-json\/wp\/v2\/product"}],"about":[{"href":"https:\/\/invertormerkezi.com\/index.php\/wp-json\/wp\/v2\/types\/product"}],"replies":[{"embeddable":true,"href":"https:\/\/invertormerkezi.com\/index.php\/wp-json\/wp\/v2\/comments?post=1666"}],"wp:featuredmedia":[{"embeddable":true,"href":"https:\/\/invertormerkezi.com\/index.php\/wp-json\/wp\/v2\/media\/1667"}],"wp:attachment":[{"href":"https:\/\/invertormerkezi.com\/index.php\/wp-json\/wp\/v2\/media?parent=1666"}],"wp:term":[{"taxonomy":"product_cat","embeddable":true,"href":"https:\/\/invertormerkezi.com\/index.php\/wp-json\/wp\/v2\/product_cat?post=1666"},{"taxonomy":"product_tag","embeddable":true,"href":"https:\/\/invertormerkezi.com\/index.php\/wp-json\/wp\/v2\/product_tag?post=1666"}],"curies":[{"name":"wp","href":"https:\/\/api.w.org\/{rel}","templated":true}]}}