{"id":1718,"date":"2023-02-25T21:41:29","date_gmt":"2023-02-25T18:41:29","guid":{"rendered":"https:\/\/invertormerkezi.com\/?post_type=product&#038;p=1718"},"modified":"2023-07-04T18:36:31","modified_gmt":"2023-07-04T15:36:31","slug":"sgdh-15de-oy-omron-15-kw-ac-servo-surucu","status":"publish","type":"product","link":"https:\/\/invertormerkezi.com\/index.php\/urun\/sgdh-15de-oy-omron-15-kw-ac-servo-surucu\/","title":{"rendered":"SGDH-15DE-OY OMRON 1,5 KW AC SERVO S\u00dcR\u00dcC\u00dc"},"content":{"rendered":"<p>SGDH-15DE-OY<br \/>\nSGDH-15DE-OY SER\u0130S\u0130 OMRON 1,5 KW AC SERVO S\u00dcR\u00dcC\u00dc<br \/>\nET\u0130KETLER : #OMRON #SGDH #1,5 KW #SERVO<\/p>\n","protected":false},"excerpt":{"rendered":"<p>SGDH-15DE-OY<br \/>\nSGDH-15DE-OY SER\u0130S\u0130 OMRON 1,5 KW AC SERVO S\u00dcR\u00dcC\u00dc<br \/>\nET\u0130KETLER : #OMRON #SGDH #1,5 KW #SERVO<\/p>\n","protected":false},"featured_media":1719,"comment_status":"open","ping_status":"closed","template":"","meta":{"om_disable_all_campaigns":false,"_monsterinsights_skip_tracking":false,"_monsterinsights_sitenote_active":false,"_monsterinsights_sitenote_note":"","_monsterinsights_sitenote_category":0,"site-sidebar-layout":"default","site-content-layout":"default","ast-global-header-display":"","ast-main-header-display":"","ast-hfb-above-header-display":"","ast-hfb-below-header-display":"","ast-hfb-mobile-header-display":"","site-post-title":"","ast-breadcrumbs-content":"","ast-featured-img":"","footer-sml-layout":"","theme-transparent-header-meta":"default","adv-header-id-meta":"","stick-header-meta":"","header-above-stick-meta":"","header-main-stick-meta":"","header-below-stick-meta":""},"product_cat":[105,59,170],"product_tag":[171,167,67],"aioseo_notices":[],"_links":{"self":[{"href":"https:\/\/invertormerkezi.com\/index.php\/wp-json\/wp\/v2\/product\/1718"}],"collection":[{"href":"https:\/\/invertormerkezi.com\/index.php\/wp-json\/wp\/v2\/product"}],"about":[{"href":"https:\/\/invertormerkezi.com\/index.php\/wp-json\/wp\/v2\/types\/product"}],"replies":[{"embeddable":true,"href":"https:\/\/invertormerkezi.com\/index.php\/wp-json\/wp\/v2\/comments?post=1718"}],"wp:featuredmedia":[{"embeddable":true,"href":"https:\/\/invertormerkezi.com\/index.php\/wp-json\/wp\/v2\/media\/1719"}],"wp:attachment":[{"href":"https:\/\/invertormerkezi.com\/index.php\/wp-json\/wp\/v2\/media?parent=1718"}],"wp:term":[{"taxonomy":"product_cat","embeddable":true,"href":"https:\/\/invertormerkezi.com\/index.php\/wp-json\/wp\/v2\/product_cat?post=1718"},{"taxonomy":"product_tag","embeddable":true,"href":"https:\/\/invertormerkezi.com\/index.php\/wp-json\/wp\/v2\/product_tag?post=1718"}],"curies":[{"name":"wp","href":"https:\/\/api.w.org\/{rel}","templated":true}]}}