{"id":1743,"date":"2023-02-25T22:00:51","date_gmt":"2023-02-25T19:00:51","guid":{"rendered":"https:\/\/invertormerkezi.com\/?post_type=product&#038;p=1743"},"modified":"2023-08-28T15:04:20","modified_gmt":"2023-08-28T12:04:20","slug":"sgdv-5r4d01a-yaskawa-15-kw-servo-surucu","status":"publish","type":"product","link":"https:\/\/invertormerkezi.com\/index.php\/urun\/sgdv-5r4d01a-yaskawa-15-kw-servo-surucu\/","title":{"rendered":"SGDV-5R4D01A YASKAWA 1,5 KW SERVO S\u00dcR\u00dcC\u00dc"},"content":{"rendered":"<p>SGDV-5R4D01A 91197<br \/>\nSGDV-5R4D01A 91197 SER\u0130S\u0130 YASKAWA 1,5 KW SERVO S\u00dcR\u00dcC\u00dc<br \/>\nET\u0130KETLER : #YASKAWA #SGDV #1,5 KW #SERVO #SERVO S\u00dcR\u00dcC\u00dc<\/p>\n","protected":false},"excerpt":{"rendered":"<p>SGDV-5R4D01A 91197<br \/>\nSGDV-5R4D01A 91197 SER\u0130S\u0130 YASKAWA 1,5 KW SERVO S\u00dcR\u00dcC\u00dc<br \/>\nET\u0130KETLER : #YASKAWA #SGDV #1,5 KW #SERVO #SERVO S\u00dcR\u00dcC\u00dc<\/p>\n","protected":false},"featured_media":1744,"comment_status":"open","ping_status":"closed","template":"","meta":{"om_disable_all_campaigns":false,"_monsterinsights_skip_tracking":false,"_monsterinsights_sitenote_active":false,"_monsterinsights_sitenote_note":"","_monsterinsights_sitenote_category":0,"site-sidebar-layout":"default","site-content-layout":"default","ast-global-header-display":"","ast-main-header-display":"","ast-hfb-above-header-display":"","ast-hfb-below-header-display":"","ast-hfb-mobile-header-display":"","site-post-title":"","ast-breadcrumbs-content":"","ast-featured-img":"","footer-sml-layout":"","theme-transparent-header-meta":"default","adv-header-id-meta":"","stick-header-meta":"","header-above-stick-meta":"","header-main-stick-meta":"","header-below-stick-meta":""},"product_cat":[59,119],"product_tag":[163,167,67,166],"aioseo_notices":[],"_links":{"self":[{"href":"https:\/\/invertormerkezi.com\/index.php\/wp-json\/wp\/v2\/product\/1743"}],"collection":[{"href":"https:\/\/invertormerkezi.com\/index.php\/wp-json\/wp\/v2\/product"}],"about":[{"href":"https:\/\/invertormerkezi.com\/index.php\/wp-json\/wp\/v2\/types\/product"}],"replies":[{"embeddable":true,"href":"https:\/\/invertormerkezi.com\/index.php\/wp-json\/wp\/v2\/comments?post=1743"}],"wp:featuredmedia":[{"embeddable":true,"href":"https:\/\/invertormerkezi.com\/index.php\/wp-json\/wp\/v2\/media\/1744"}],"wp:attachment":[{"href":"https:\/\/invertormerkezi.com\/index.php\/wp-json\/wp\/v2\/media?parent=1743"}],"wp:term":[{"taxonomy":"product_cat","embeddable":true,"href":"https:\/\/invertormerkezi.com\/index.php\/wp-json\/wp\/v2\/product_cat?post=1743"},{"taxonomy":"product_tag","embeddable":true,"href":"https:\/\/invertormerkezi.com\/index.php\/wp-json\/wp\/v2\/product_tag?post=1743"}],"curies":[{"name":"wp","href":"https:\/\/api.w.org\/{rel}","templated":true}]}}