{"id":1976,"date":"2023-03-03T15:17:41","date_gmt":"2023-03-03T12:17:41","guid":{"rendered":"https:\/\/invertormerkezi.com\/?post_type=product&#038;p=1976"},"modified":"2023-07-05T16:54:37","modified_gmt":"2023-07-05T13:54:37","slug":"movitrac-lte-sew-eurodrive-15-kw-surucu","status":"publish","type":"product","link":"https:\/\/invertormerkezi.com\/index.php\/urun\/movitrac-lte-sew-eurodrive-15-kw-surucu\/","title":{"rendered":"MOVITRAC LTE SEW EURODRIVE 1,5 KW S\u00dcR\u00dcC\u00dc"},"content":{"rendered":"<p>MCLTEB00155A3100 MOVITRAC LTE SER\u0130S\u0130 SEW EURODRIVE 1,5 KW S\u00dcR\u00dcC\u00dc\/HIZ KONTROL C\u0130HAZI<br \/>\n#SEW EURODRIVE #1,5 KW #S\u00dcR\u00dcC\u00dc #HIZ KONTROL C\u0130HAZI #INVERTOR<\/p>\n","protected":false},"excerpt":{"rendered":"<p>MCLTEB00155A3100 MOVITRAC LTE SER\u0130S\u0130 SEW EURODRIVE 1,5 KW S\u00dcR\u00dcC\u00dc\/HIZ KONTROL C\u0130HAZI<br \/>\n#SEW EURODRIVE #1,5 KW #S\u00dcR\u00dcC\u00dc #HIZ KONTROL C\u0130HAZI #INVERTOR<\/p>\n","protected":false},"featured_media":1980,"comment_status":"open","ping_status":"closed","template":"","meta":{"om_disable_all_campaigns":false,"_monsterinsights_skip_tracking":false,"_monsterinsights_sitenote_active":false,"_monsterinsights_sitenote_note":"","_monsterinsights_sitenote_category":0,"site-sidebar-layout":"default","site-content-layout":"default","ast-global-header-display":"","ast-main-header-display":"","ast-hfb-above-header-display":"","ast-hfb-below-header-display":"","ast-hfb-mobile-header-display":"","site-post-title":"","ast-breadcrumbs-content":"","ast-featured-img":"","footer-sml-layout":"","theme-transparent-header-meta":"default","adv-header-id-meta":"","stick-header-meta":"","header-above-stick-meta":"","header-main-stick-meta":"","header-below-stick-meta":""},"product_cat":[58,111],"product_tag":[68,178,67],"aioseo_notices":[],"_links":{"self":[{"href":"https:\/\/invertormerkezi.com\/index.php\/wp-json\/wp\/v2\/product\/1976"}],"collection":[{"href":"https:\/\/invertormerkezi.com\/index.php\/wp-json\/wp\/v2\/product"}],"about":[{"href":"https:\/\/invertormerkezi.com\/index.php\/wp-json\/wp\/v2\/types\/product"}],"replies":[{"embeddable":true,"href":"https:\/\/invertormerkezi.com\/index.php\/wp-json\/wp\/v2\/comments?post=1976"}],"wp:featuredmedia":[{"embeddable":true,"href":"https:\/\/invertormerkezi.com\/index.php\/wp-json\/wp\/v2\/media\/1980"}],"wp:attachment":[{"href":"https:\/\/invertormerkezi.com\/index.php\/wp-json\/wp\/v2\/media?parent=1976"}],"wp:term":[{"taxonomy":"product_cat","embeddable":true,"href":"https:\/\/invertormerkezi.com\/index.php\/wp-json\/wp\/v2\/product_cat?post=1976"},{"taxonomy":"product_tag","embeddable":true,"href":"https:\/\/invertormerkezi.com\/index.php\/wp-json\/wp\/v2\/product_tag?post=1976"}],"curies":[{"name":"wp","href":"https:\/\/api.w.org\/{rel}","templated":true}]}}