{"id":2074,"date":"2023-03-09T16:04:33","date_gmt":"2023-03-09T13:04:33","guid":{"rendered":"https:\/\/invertormerkezi.com\/?post_type=product&#038;p=2074"},"modified":"2024-02-21T13:49:07","modified_gmt":"2024-02-21T10:49:07","slug":"siemens-micromaster-55-kw-surucu","status":"publish","type":"product","link":"https:\/\/invertormerkezi.com\/index.php\/urun\/siemens-micromaster-55-kw-surucu\/","title":{"rendered":"SIEMENS MICROMASTER 420 5,5 KW S\u00dcR\u00dcC\u00dc 6SE6420-2UD25-5CA0"},"content":{"rendered":"<p>6SE6420-2UD25-5CA0 SER\u0130S\u0130 SIEMENS MICROMASTER 420 5,5 KW S\u00dcR\u00dcC\u00dc\/HIZ KONTROL C\u0130HAZI<br \/>\n#SIEMENS #MICROMASTER 420 #5,5 KW #S\u00dcR\u00dcC\u00dc #HIZ KONTROL C\u0130HAZI #INVERTOR<\/p>\n","protected":false},"excerpt":{"rendered":"<p>6SE6420-2UD25-5CA0 SER\u0130S\u0130 SIEMENS MICROMASTER 420 5,5 KW S\u00dcR\u00dcC\u00dc\/HIZ KONTROL C\u0130HAZI<br \/>\n#SIEMENS #MICROMASTER 420 #5,5 KW #S\u00dcR\u00dcC\u00dc #HIZ KONTROL C\u0130HAZI #INVERTOR<\/p>\n","protected":false},"featured_media":2076,"comment_status":"open","ping_status":"closed","template":"","meta":{"om_disable_all_campaigns":false,"_monsterinsights_skip_tracking":false,"_monsterinsights_sitenote_active":false,"_monsterinsights_sitenote_note":"","_monsterinsights_sitenote_category":0,"site-sidebar-layout":"default","site-content-layout":"default","ast-global-header-display":"","ast-main-header-display":"","ast-hfb-above-header-display":"","ast-hfb-below-header-display":"","ast-hfb-mobile-header-display":"","site-post-title":"","ast-breadcrumbs-content":"","ast-featured-img":"","footer-sml-layout":"","theme-transparent-header-meta":"default","adv-header-id-meta":"","stick-header-meta":"","header-above-stick-meta":"","header-main-stick-meta":"","header-below-stick-meta":""},"product_cat":[58,173,195,112],"product_tag":[193,68,69,181,187,184,67],"aioseo_notices":[],"_links":{"self":[{"href":"https:\/\/invertormerkezi.com\/index.php\/wp-json\/wp\/v2\/product\/2074"}],"collection":[{"href":"https:\/\/invertormerkezi.com\/index.php\/wp-json\/wp\/v2\/product"}],"about":[{"href":"https:\/\/invertormerkezi.com\/index.php\/wp-json\/wp\/v2\/types\/product"}],"replies":[{"embeddable":true,"href":"https:\/\/invertormerkezi.com\/index.php\/wp-json\/wp\/v2\/comments?post=2074"}],"wp:featuredmedia":[{"embeddable":true,"href":"https:\/\/invertormerkezi.com\/index.php\/wp-json\/wp\/v2\/media\/2076"}],"wp:attachment":[{"href":"https:\/\/invertormerkezi.com\/index.php\/wp-json\/wp\/v2\/media?parent=2074"}],"wp:term":[{"taxonomy":"product_cat","embeddable":true,"href":"https:\/\/invertormerkezi.com\/index.php\/wp-json\/wp\/v2\/product_cat?post=2074"},{"taxonomy":"product_tag","embeddable":true,"href":"https:\/\/invertormerkezi.com\/index.php\/wp-json\/wp\/v2\/product_tag?post=2074"}],"curies":[{"name":"wp","href":"https:\/\/api.w.org\/{rel}","templated":true}]}}