{"id":2179,"date":"2023-03-24T14:00:13","date_gmt":"2023-03-24T11:00:13","guid":{"rendered":"https:\/\/invertormerkezi.com\/?post_type=product&#038;p=2179"},"modified":"2024-12-24T06:13:19","modified_gmt":"2024-12-24T03:13:19","slug":"siemens-micromaster-440-75-90-kw-surucu","status":"publish","type":"product","link":"https:\/\/invertormerkezi.com\/index.php\/urun\/siemens-micromaster-440-75-90-kw-surucu\/","title":{"rendered":"SIEMENS MICROMASTER 440 75\/90 KW S\u00dcR\u00dcC\u00dc 6SE6440-2UD37-5FA1"},"content":{"rendered":"<p>6SE6440-2UD37-5FA1 SER\u0130S\u0130 SIEMENS MICROMASTER 440 75\/90 KW S\u00dcR\u00dcC\u00dc<br \/>\n#SIEMENS #MICROMASTER 440 #75 KW #90 KW #75\/90 KW #S\u00dcR\u00dcC\u00dc #HIZ KONTROL C\u0130HAZI #INVERTOR<\/p>\n","protected":false},"excerpt":{"rendered":"<p>6SE6440-2UD37-5FA1 SER\u0130S\u0130 SIEMENS MICROMASTER 440 75\/90 KW S\u00dcR\u00dcC\u00dc<br \/>\n#SIEMENS #MICROMASTER 440 #75 KW #90 KW #75\/90 KW #S\u00dcR\u00dcC\u00dc #HIZ KONTROL C\u0130HAZI #INVERTOR<\/p>\n","protected":false},"featured_media":2181,"comment_status":"open","ping_status":"closed","template":"","meta":{"om_disable_all_campaigns":false,"_monsterinsights_skip_tracking":false,"_monsterinsights_sitenote_active":false,"_monsterinsights_sitenote_note":"","_monsterinsights_sitenote_category":0,"site-sidebar-layout":"default","site-content-layout":"default","ast-global-header-display":"","ast-main-header-display":"","ast-hfb-above-header-display":"","ast-hfb-below-header-display":"","ast-hfb-mobile-header-display":"","site-post-title":"","ast-breadcrumbs-content":"","ast-featured-img":"","footer-sml-layout":"","theme-transparent-header-meta":"default","adv-header-id-meta":"","stick-header-meta":"","header-above-stick-meta":"","header-main-stick-meta":"","header-below-stick-meta":""},"product_cat":[294,58,173,198,112],"product_tag":[224,68,69,181,203,184,67],"aioseo_notices":[],"_links":{"self":[{"href":"https:\/\/invertormerkezi.com\/index.php\/wp-json\/wp\/v2\/product\/2179"}],"collection":[{"href":"https:\/\/invertormerkezi.com\/index.php\/wp-json\/wp\/v2\/product"}],"about":[{"href":"https:\/\/invertormerkezi.com\/index.php\/wp-json\/wp\/v2\/types\/product"}],"replies":[{"embeddable":true,"href":"https:\/\/invertormerkezi.com\/index.php\/wp-json\/wp\/v2\/comments?post=2179"}],"wp:featuredmedia":[{"embeddable":true,"href":"https:\/\/invertormerkezi.com\/index.php\/wp-json\/wp\/v2\/media\/2181"}],"wp:attachment":[{"href":"https:\/\/invertormerkezi.com\/index.php\/wp-json\/wp\/v2\/media?parent=2179"}],"wp:term":[{"taxonomy":"product_cat","embeddable":true,"href":"https:\/\/invertormerkezi.com\/index.php\/wp-json\/wp\/v2\/product_cat?post=2179"},{"taxonomy":"product_tag","embeddable":true,"href":"https:\/\/invertormerkezi.com\/index.php\/wp-json\/wp\/v2\/product_tag?post=2179"}],"curies":[{"name":"wp","href":"https:\/\/api.w.org\/{rel}","templated":true}]}}