{"id":2206,"date":"2023-03-28T10:19:10","date_gmt":"2023-03-28T07:19:10","guid":{"rendered":"https:\/\/invertormerkezi.com\/?post_type=product&#038;p=2206"},"modified":"2024-02-21T13:32:45","modified_gmt":"2024-02-21T10:32:45","slug":"siemens-sinamics-pm250-185-22-kw-surucu","status":"publish","type":"product","link":"https:\/\/invertormerkezi.com\/index.php\/urun\/siemens-sinamics-pm250-185-22-kw-surucu\/","title":{"rendered":"SIEMENS SINAMICS PM250 18,5\/22 KW S\u00dcR\u00dcC\u00dc 6SL3225-0BE31-8AA0"},"content":{"rendered":"<p>6SL3225-0BE31-8AA0 SER\u0130S\u0130 SIEMENS SINAMICS PM250 18,5\/22 KW HIZ KONTROL C\u0130HAZI<br \/>\n#SIEMENS #PM250 #18,5 KW #22 KW #18,5\/22 KW #S\u00dcR\u00dcC\u00dc #HIZ KONTROL C\u0130HAZI #INVERTOR<\/p>\n","protected":false},"excerpt":{"rendered":"<p>6SL3225-0BE31-8AA0 SER\u0130S\u0130 SIEMENS SINAMICS PM250 18,5\/22 KW HIZ KONTROL C\u0130HAZI<br \/>\n#SIEMENS #PM250 #18,5 KW #22 KW #18,5\/22 KW #S\u00dcR\u00dcC\u00dc #HIZ KONTROL C\u0130HAZI #INVERTOR<\/p>\n","protected":false},"featured_media":2208,"comment_status":"open","ping_status":"closed","template":"","meta":{"om_disable_all_campaigns":false,"_monsterinsights_skip_tracking":false,"_monsterinsights_sitenote_active":false,"_monsterinsights_sitenote_note":"","_monsterinsights_sitenote_category":0,"site-sidebar-layout":"default","site-content-layout":"default","ast-global-header-display":"","ast-main-header-display":"","ast-hfb-above-header-display":"","ast-hfb-below-header-display":"","ast-hfb-mobile-header-display":"","site-post-title":"","ast-breadcrumbs-content":"","ast-featured-img":"","footer-sml-layout":"","theme-transparent-header-meta":"default","adv-header-id-meta":"","stick-header-meta":"","header-above-stick-meta":"","header-main-stick-meta":"","header-below-stick-meta":""},"product_cat":[58,175,112,176],"product_tag":[216,69,231,184,232,67],"aioseo_notices":[],"_links":{"self":[{"href":"https:\/\/invertormerkezi.com\/index.php\/wp-json\/wp\/v2\/product\/2206"}],"collection":[{"href":"https:\/\/invertormerkezi.com\/index.php\/wp-json\/wp\/v2\/product"}],"about":[{"href":"https:\/\/invertormerkezi.com\/index.php\/wp-json\/wp\/v2\/types\/product"}],"replies":[{"embeddable":true,"href":"https:\/\/invertormerkezi.com\/index.php\/wp-json\/wp\/v2\/comments?post=2206"}],"wp:featuredmedia":[{"embeddable":true,"href":"https:\/\/invertormerkezi.com\/index.php\/wp-json\/wp\/v2\/media\/2208"}],"wp:attachment":[{"href":"https:\/\/invertormerkezi.com\/index.php\/wp-json\/wp\/v2\/media?parent=2206"}],"wp:term":[{"taxonomy":"product_cat","embeddable":true,"href":"https:\/\/invertormerkezi.com\/index.php\/wp-json\/wp\/v2\/product_cat?post=2206"},{"taxonomy":"product_tag","embeddable":true,"href":"https:\/\/invertormerkezi.com\/index.php\/wp-json\/wp\/v2\/product_tag?post=2206"}],"curies":[{"name":"wp","href":"https:\/\/api.w.org\/{rel}","templated":true}]}}