{"id":2272,"date":"2023-04-19T10:21:42","date_gmt":"2023-04-19T07:21:42","guid":{"rendered":"https:\/\/invertormerkezi.com\/?post_type=product&#038;p=2272"},"modified":"2024-02-20T16:37:08","modified_gmt":"2024-02-20T13:37:08","slug":"siemens-sinamics-v20-22-30-kw-surucu","status":"publish","type":"product","link":"https:\/\/invertormerkezi.com\/index.php\/urun\/siemens-sinamics-v20-22-30-kw-surucu\/","title":{"rendered":"SIEMENS SINAMICS V20 22\/30 KW S\u00dcR\u00dcC\u00dc 6SL3210-5BE32-2UV0"},"content":{"rendered":"<p>6SL3210-5BE32-2UV0 SER\u0130S\u0130 22\/30 S\u00dcR\u00dcC\u00dc\/KW HIZ KONTROL C\u0130HAZI<br \/>\n#SIEMENS #SINAMICS #V20 #22 KW #30 KW #22\/30 KW #S\u00dcR\u00dcC\u00dc #HIZ KONTROL C\u0130HAZI #INVERTOR<\/p>\n","protected":false},"excerpt":{"rendered":"<p>6SL3210-5BE32-2UV0 SER\u0130S\u0130 22\/30 S\u00dcR\u00dcC\u00dc\/KW HIZ KONTROL C\u0130HAZI<br \/>\n#SIEMENS #SINAMICS #V20 #22 KW #30 KW #22\/30 KW #S\u00dcR\u00dcC\u00dc #HIZ KONTROL C\u0130HAZI #INVERTOR<\/p>\n","protected":false},"featured_media":2274,"comment_status":"open","ping_status":"closed","template":"","meta":{"om_disable_all_campaigns":false,"_monsterinsights_skip_tracking":false,"_monsterinsights_sitenote_active":false,"_monsterinsights_sitenote_note":"","_monsterinsights_sitenote_category":0,"site-sidebar-layout":"default","site-content-layout":"default","ast-global-header-display":"","ast-main-header-display":"","ast-hfb-above-header-display":"","ast-hfb-below-header-display":"","ast-hfb-mobile-header-display":"","site-post-title":"","ast-breadcrumbs-content":"","ast-featured-img":"","footer-sml-layout":"","theme-transparent-header-meta":"default","adv-header-id-meta":"","stick-header-meta":"","header-above-stick-meta":"","header-main-stick-meta":"","header-below-stick-meta":""},"product_cat":[58,112,176],"product_tag":[68,230,184,232,67,234],"aioseo_notices":[],"_links":{"self":[{"href":"https:\/\/invertormerkezi.com\/index.php\/wp-json\/wp\/v2\/product\/2272"}],"collection":[{"href":"https:\/\/invertormerkezi.com\/index.php\/wp-json\/wp\/v2\/product"}],"about":[{"href":"https:\/\/invertormerkezi.com\/index.php\/wp-json\/wp\/v2\/types\/product"}],"replies":[{"embeddable":true,"href":"https:\/\/invertormerkezi.com\/index.php\/wp-json\/wp\/v2\/comments?post=2272"}],"wp:featuredmedia":[{"embeddable":true,"href":"https:\/\/invertormerkezi.com\/index.php\/wp-json\/wp\/v2\/media\/2274"}],"wp:attachment":[{"href":"https:\/\/invertormerkezi.com\/index.php\/wp-json\/wp\/v2\/media?parent=2272"}],"wp:term":[{"taxonomy":"product_cat","embeddable":true,"href":"https:\/\/invertormerkezi.com\/index.php\/wp-json\/wp\/v2\/product_cat?post=2272"},{"taxonomy":"product_tag","embeddable":true,"href":"https:\/\/invertormerkezi.com\/index.php\/wp-json\/wp\/v2\/product_tag?post=2272"}],"curies":[{"name":"wp","href":"https:\/\/api.w.org\/{rel}","templated":true}]}}