{"id":2479,"date":"2023-05-03T18:00:08","date_gmt":"2023-05-03T15:00:08","guid":{"rendered":"https:\/\/invertormerkezi.com\/?post_type=product&#038;p=2479"},"modified":"2024-02-23T11:45:35","modified_gmt":"2024-02-23T08:45:35","slug":"telemecanique-atv-61-55-kw-surucu","status":"publish","type":"product","link":"https:\/\/invertormerkezi.com\/index.php\/urun\/telemecanique-atv-61-55-kw-surucu\/","title":{"rendered":"TELEMECANIQUE ATV 61 5,5 KW S\u00dcR\u00dcC\u00dc ATV61HU55N4"},"content":{"rendered":"<p>ATV61HU55N4 SER\u0130S\u0130 TELEMECANIQUE 5,5 KW S\u00dcR\u00dcC\u00dc \/ HIZ KONTROL C\u0130HAZI<br \/>\n#TELEMECANIQUE #ATV61 #5,5 KW #S\u00dcR\u00dcC\u00dc #HIZ KONTROL C\u0130HAZI #INVERTOR<\/p>\n","protected":false},"excerpt":{"rendered":"<p>ATV61HU55N4 SER\u0130S\u0130 TELEMECANIQUE 5,5 KW S\u00dcR\u00dcC\u00dc \/ HIZ KONTROL C\u0130HAZI<br \/>\n#TELEMECANIQUE #ATV61 #5,5 KW #S\u00dcR\u00dcC\u00dc #HIZ KONTROL C\u0130HAZI #INVERTOR<\/p>\n","protected":false},"featured_media":2481,"comment_status":"open","ping_status":"closed","template":"","meta":{"om_disable_all_campaigns":false,"_monsterinsights_skip_tracking":false,"_monsterinsights_sitenote_active":false,"_monsterinsights_sitenote_note":"","_monsterinsights_sitenote_category":0,"site-sidebar-layout":"default","site-content-layout":"default","ast-global-header-display":"","ast-main-header-display":"","ast-hfb-above-header-display":"","ast-hfb-below-header-display":"","ast-hfb-mobile-header-display":"","site-post-title":"","ast-breadcrumbs-content":"","ast-featured-img":"","footer-sml-layout":"","theme-transparent-header-meta":"default","adv-header-id-meta":"","stick-header-meta":"","header-above-stick-meta":"","header-main-stick-meta":"","header-below-stick-meta":""},"product_cat":[58,114],"product_tag":[193,258,389,68,69,67,247],"aioseo_notices":[],"_links":{"self":[{"href":"https:\/\/invertormerkezi.com\/index.php\/wp-json\/wp\/v2\/product\/2479"}],"collection":[{"href":"https:\/\/invertormerkezi.com\/index.php\/wp-json\/wp\/v2\/product"}],"about":[{"href":"https:\/\/invertormerkezi.com\/index.php\/wp-json\/wp\/v2\/types\/product"}],"replies":[{"embeddable":true,"href":"https:\/\/invertormerkezi.com\/index.php\/wp-json\/wp\/v2\/comments?post=2479"}],"wp:featuredmedia":[{"embeddable":true,"href":"https:\/\/invertormerkezi.com\/index.php\/wp-json\/wp\/v2\/media\/2481"}],"wp:attachment":[{"href":"https:\/\/invertormerkezi.com\/index.php\/wp-json\/wp\/v2\/media?parent=2479"}],"wp:term":[{"taxonomy":"product_cat","embeddable":true,"href":"https:\/\/invertormerkezi.com\/index.php\/wp-json\/wp\/v2\/product_cat?post=2479"},{"taxonomy":"product_tag","embeddable":true,"href":"https:\/\/invertormerkezi.com\/index.php\/wp-json\/wp\/v2\/product_tag?post=2479"}],"curies":[{"name":"wp","href":"https:\/\/api.w.org\/{rel}","templated":true}]}}