{"id":2502,"date":"2023-05-05T13:07:39","date_gmt":"2023-05-05T10:07:39","guid":{"rendered":"https:\/\/invertormerkezi.com\/?post_type=product&#038;p=2502"},"modified":"2023-07-04T14:03:05","modified_gmt":"2023-07-04T11:03:05","slug":"toshiba-37-kw-hiz-kontrol-cihazi","status":"publish","type":"product","link":"https:\/\/invertormerkezi.com\/index.php\/urun\/toshiba-37-kw-hiz-kontrol-cihazi\/","title":{"rendered":"TOSHIBA 3,7 KW HIZ KONTROL C\u0130HAZI"},"content":{"rendered":"<p>VF57-2037F SER\u0130S\u0130 TOSHIBA 3,7 KW HIZ KONTROL C\u0130HAZI<br \/>\n#TOSHIBA #VF57 #3,7 KW #S\u00dcR\u00dcC\u00dc #HIZ KONTROL C\u0130HAZI #INVERTOR<\/p>\n","protected":false},"excerpt":{"rendered":"<p>VF57-2037F SER\u0130S\u0130 TOSHIBA 3,7 KW HIZ KONTROL C\u0130HAZI<br \/>\n#TOSHIBA #VF57 #3,7 KW #S\u00dcR\u00dcC\u00dc #HIZ KONTROL C\u0130HAZI #INVERTOR<\/p>\n","protected":false},"featured_media":2504,"comment_status":"open","ping_status":"closed","template":"","meta":{"om_disable_all_campaigns":false,"_monsterinsights_skip_tracking":false,"_monsterinsights_sitenote_active":false,"_monsterinsights_sitenote_note":"","_monsterinsights_sitenote_category":0,"site-sidebar-layout":"default","site-content-layout":"default","ast-global-header-display":"","ast-main-header-display":"","ast-hfb-above-header-display":"","ast-hfb-below-header-display":"","ast-hfb-mobile-header-display":"","site-post-title":"","ast-breadcrumbs-content":"","ast-featured-img":"","footer-sml-layout":"","theme-transparent-header-meta":"default","adv-header-id-meta":"","stick-header-meta":"","header-above-stick-meta":"","header-main-stick-meta":"","header-below-stick-meta":""},"product_cat":[58,115],"product_tag":[261,68,69,67,260],"aioseo_notices":[],"_links":{"self":[{"href":"https:\/\/invertormerkezi.com\/index.php\/wp-json\/wp\/v2\/product\/2502"}],"collection":[{"href":"https:\/\/invertormerkezi.com\/index.php\/wp-json\/wp\/v2\/product"}],"about":[{"href":"https:\/\/invertormerkezi.com\/index.php\/wp-json\/wp\/v2\/types\/product"}],"replies":[{"embeddable":true,"href":"https:\/\/invertormerkezi.com\/index.php\/wp-json\/wp\/v2\/comments?post=2502"}],"wp:featuredmedia":[{"embeddable":true,"href":"https:\/\/invertormerkezi.com\/index.php\/wp-json\/wp\/v2\/media\/2504"}],"wp:attachment":[{"href":"https:\/\/invertormerkezi.com\/index.php\/wp-json\/wp\/v2\/media?parent=2502"}],"wp:term":[{"taxonomy":"product_cat","embeddable":true,"href":"https:\/\/invertormerkezi.com\/index.php\/wp-json\/wp\/v2\/product_cat?post=2502"},{"taxonomy":"product_tag","embeddable":true,"href":"https:\/\/invertormerkezi.com\/index.php\/wp-json\/wp\/v2\/product_tag?post=2502"}],"curies":[{"name":"wp","href":"https:\/\/api.w.org\/{rel}","templated":true}]}}