{"id":2558,"date":"2023-05-11T16:16:36","date_gmt":"2023-05-11T13:16:36","guid":{"rendered":"https:\/\/invertormerkezi.com\/?post_type=product&#038;p=2558"},"modified":"2023-07-04T18:36:37","modified_gmt":"2023-07-04T15:36:37","slug":"omron-cimr-e7-55-kw-surucu","status":"publish","type":"product","link":"https:\/\/invertormerkezi.com\/index.php\/urun\/omron-cimr-e7-55-kw-surucu\/","title":{"rendered":"OMRON CIMR-E7 5,5 KW S\u00dcR\u00dcC\u00dc"},"content":{"rendered":"<p>CIMR-E7Z45P5 SER\u0130S\u0130 OMRON 5,5 KW S\u00dcR\u00dcC\u00dc \/ HIZ KONTROL C\u0130HAZI<br \/>\n#OMRON #E7 #5,5 KW #S\u00dcR\u00dcC\u00dc #HIZ KONTROL C\u0130HAZI #INVERTOR<\/p>\n","protected":false},"excerpt":{"rendered":"<p>CIMR-E7Z45P5 SER\u0130S\u0130 OMRON 5,5 KW S\u00dcR\u00dcC\u00dc \/ HIZ KONTROL C\u0130HAZI<br \/>\n#OMRON #E7 #5,5 KW #S\u00dcR\u00dcC\u00dc #HIZ KONTROL C\u0130HAZI #INVERTOR<\/p>\n","protected":false},"featured_media":2560,"comment_status":"open","ping_status":"closed","template":"","meta":{"om_disable_all_campaigns":false,"_monsterinsights_skip_tracking":false,"_monsterinsights_sitenote_active":false,"_monsterinsights_sitenote_note":"","_monsterinsights_sitenote_category":0,"site-sidebar-layout":"default","site-content-layout":"default","ast-global-header-display":"","ast-main-header-display":"","ast-hfb-above-header-display":"","ast-hfb-below-header-display":"","ast-hfb-mobile-header-display":"","site-post-title":"","ast-breadcrumbs-content":"","ast-featured-img":"","footer-sml-layout":"","theme-transparent-header-meta":"default","adv-header-id-meta":"","stick-header-meta":"","header-above-stick-meta":"","header-main-stick-meta":"","header-below-stick-meta":""},"product_cat":[58,105],"product_tag":[193,271,68,69,171,67],"aioseo_notices":[],"_links":{"self":[{"href":"https:\/\/invertormerkezi.com\/index.php\/wp-json\/wp\/v2\/product\/2558"}],"collection":[{"href":"https:\/\/invertormerkezi.com\/index.php\/wp-json\/wp\/v2\/product"}],"about":[{"href":"https:\/\/invertormerkezi.com\/index.php\/wp-json\/wp\/v2\/types\/product"}],"replies":[{"embeddable":true,"href":"https:\/\/invertormerkezi.com\/index.php\/wp-json\/wp\/v2\/comments?post=2558"}],"wp:featuredmedia":[{"embeddable":true,"href":"https:\/\/invertormerkezi.com\/index.php\/wp-json\/wp\/v2\/media\/2560"}],"wp:attachment":[{"href":"https:\/\/invertormerkezi.com\/index.php\/wp-json\/wp\/v2\/media?parent=2558"}],"wp:term":[{"taxonomy":"product_cat","embeddable":true,"href":"https:\/\/invertormerkezi.com\/index.php\/wp-json\/wp\/v2\/product_cat?post=2558"},{"taxonomy":"product_tag","embeddable":true,"href":"https:\/\/invertormerkezi.com\/index.php\/wp-json\/wp\/v2\/product_tag?post=2558"}],"curies":[{"name":"wp","href":"https:\/\/api.w.org\/{rel}","templated":true}]}}