{"id":2628,"date":"2023-05-12T09:51:33","date_gmt":"2023-05-12T06:51:33","guid":{"rendered":"https:\/\/invertormerkezi.com\/?post_type=product&#038;p=2628"},"modified":"2023-07-04T17:18:58","modified_gmt":"2023-07-04T14:18:58","slug":"yaskawa-varispeed-4-kw-surucu","status":"publish","type":"product","link":"https:\/\/invertormerkezi.com\/index.php\/urun\/yaskawa-varispeed-4-kw-surucu\/","title":{"rendered":"YASKAWA VARISPEED 4 KW S\u00dcR\u00dcC\u00dc"},"content":{"rendered":"<p>CIMR-G5C40P7 SER\u0130S\u0130 YASKAWA 4 KW S\u00dcR\u00dcC\u00dc \/ HIZ KONTROL C\u0130HAZI<br \/>\n#YASKAWA #VARISPEED #616G5 #4 KW #S\u00dcR\u00dcC\u00dc #HIZ KONTROL C\u0130HAZI #INVERTOR<\/p>\n","protected":false},"excerpt":{"rendered":"<p>CIMR-G5C40P7 SER\u0130S\u0130 YASKAWA 4 KW S\u00dcR\u00dcC\u00dc \/ HIZ KONTROL C\u0130HAZI<br \/>\n#YASKAWA #VARISPEED #616G5 #4 KW #S\u00dcR\u00dcC\u00dc #HIZ KONTROL C\u0130HAZI #INVERTOR<\/p>\n","protected":false},"featured_media":2630,"comment_status":"open","ping_status":"closed","template":"","meta":{"om_disable_all_campaigns":false,"_monsterinsights_skip_tracking":false,"_monsterinsights_sitenote_active":false,"_monsterinsights_sitenote_note":"","_monsterinsights_sitenote_category":0,"site-sidebar-layout":"default","site-content-layout":"default","ast-global-header-display":"","ast-main-header-display":"","ast-hfb-above-header-display":"","ast-hfb-below-header-display":"","ast-hfb-mobile-header-display":"","site-post-title":"","ast-breadcrumbs-content":"","ast-featured-img":"","footer-sml-layout":"","theme-transparent-header-meta":"default","adv-header-id-meta":"","stick-header-meta":"","header-above-stick-meta":"","header-main-stick-meta":"","header-below-stick-meta":""},"product_cat":[58,119],"product_tag":[192,68,69,67,275,166],"aioseo_notices":[],"_links":{"self":[{"href":"https:\/\/invertormerkezi.com\/index.php\/wp-json\/wp\/v2\/product\/2628"}],"collection":[{"href":"https:\/\/invertormerkezi.com\/index.php\/wp-json\/wp\/v2\/product"}],"about":[{"href":"https:\/\/invertormerkezi.com\/index.php\/wp-json\/wp\/v2\/types\/product"}],"replies":[{"embeddable":true,"href":"https:\/\/invertormerkezi.com\/index.php\/wp-json\/wp\/v2\/comments?post=2628"}],"wp:featuredmedia":[{"embeddable":true,"href":"https:\/\/invertormerkezi.com\/index.php\/wp-json\/wp\/v2\/media\/2630"}],"wp:attachment":[{"href":"https:\/\/invertormerkezi.com\/index.php\/wp-json\/wp\/v2\/media?parent=2628"}],"wp:term":[{"taxonomy":"product_cat","embeddable":true,"href":"https:\/\/invertormerkezi.com\/index.php\/wp-json\/wp\/v2\/product_cat?post=2628"},{"taxonomy":"product_tag","embeddable":true,"href":"https:\/\/invertormerkezi.com\/index.php\/wp-json\/wp\/v2\/product_tag?post=2628"}],"curies":[{"name":"wp","href":"https:\/\/api.w.org\/{rel}","templated":true}]}}