{"id":3229,"date":"2023-08-30T15:53:29","date_gmt":"2023-08-30T12:53:29","guid":{"rendered":"https:\/\/invertormerkezi.com\/?post_type=product&#038;p=3229"},"modified":"2024-02-23T11:44:00","modified_gmt":"2024-02-23T08:44:00","slug":"telemecanique-atv61-075-kw-surucu","status":"publish","type":"product","link":"https:\/\/invertormerkezi.com\/index.php\/urun\/telemecanique-atv61-075-kw-surucu\/","title":{"rendered":"TELEMECANIQUE ATV61 0,75 KW S\u00dcR\u00dcC\u00dc ATV61H075N4"},"content":{"rendered":"<p>ATV61H075N4 TELEMECANIQUE 0,75 KW S\u00dcR\u00dcC\u00dc<\/p>\n<p>#ATV61 #TELEMECANIQUE #0.75KW #S\u00dcR\u00dcC\u00dc #HIZKONTROL<\/p>\n","protected":false},"excerpt":{"rendered":"<p>ATV61H075N4 TELEMECANIQUE 0,75 KW S\u00dcR\u00dcC\u00dc<\/p>\n<p>#ATV61 #TELEMECANIQUE #0.75KW #S\u00dcR\u00dcC\u00dc #HIZKONTROL<\/p>\n","protected":false},"featured_media":3231,"comment_status":"open","ping_status":"closed","template":"","meta":{"om_disable_all_campaigns":false,"_monsterinsights_skip_tracking":false,"_monsterinsights_sitenote_active":false,"_monsterinsights_sitenote_note":"","_monsterinsights_sitenote_category":0,"site-sidebar-layout":"default","site-content-layout":"default","ast-global-header-display":"","ast-main-header-display":"","ast-hfb-above-header-display":"","ast-hfb-below-header-display":"","ast-hfb-mobile-header-display":"","site-post-title":"","ast-breadcrumbs-content":"","ast-featured-img":"","footer-sml-layout":"","theme-transparent-header-meta":"default","adv-header-id-meta":"","stick-header-meta":"","header-above-stick-meta":"","header-main-stick-meta":"","header-below-stick-meta":""},"product_cat":[58,110,114],"product_tag":[186,258,317,68,230,67,247],"aioseo_notices":[],"_links":{"self":[{"href":"https:\/\/invertormerkezi.com\/index.php\/wp-json\/wp\/v2\/product\/3229"}],"collection":[{"href":"https:\/\/invertormerkezi.com\/index.php\/wp-json\/wp\/v2\/product"}],"about":[{"href":"https:\/\/invertormerkezi.com\/index.php\/wp-json\/wp\/v2\/types\/product"}],"replies":[{"embeddable":true,"href":"https:\/\/invertormerkezi.com\/index.php\/wp-json\/wp\/v2\/comments?post=3229"}],"wp:featuredmedia":[{"embeddable":true,"href":"https:\/\/invertormerkezi.com\/index.php\/wp-json\/wp\/v2\/media\/3231"}],"wp:attachment":[{"href":"https:\/\/invertormerkezi.com\/index.php\/wp-json\/wp\/v2\/media?parent=3229"}],"wp:term":[{"taxonomy":"product_cat","embeddable":true,"href":"https:\/\/invertormerkezi.com\/index.php\/wp-json\/wp\/v2\/product_cat?post=3229"},{"taxonomy":"product_tag","embeddable":true,"href":"https:\/\/invertormerkezi.com\/index.php\/wp-json\/wp\/v2\/product_tag?post=3229"}],"curies":[{"name":"wp","href":"https:\/\/api.w.org\/{rel}","templated":true}]}}