{"id":3245,"date":"2023-08-30T17:27:00","date_gmt":"2023-08-30T14:27:00","guid":{"rendered":"https:\/\/invertormerkezi.com\/?post_type=product&#038;p=3245"},"modified":"2024-02-21T16:06:59","modified_gmt":"2024-02-21T13:06:59","slug":"abb-acs880-250-kw-surucu","status":"publish","type":"product","link":"https:\/\/invertormerkezi.com\/index.php\/urun\/abb-acs880-250-kw-surucu\/","title":{"rendered":"ABB ACS880 250 KW S\u00dcR\u00dcC\u00dc ACS880-04-505A-3"},"content":{"rendered":"<p>ACS880-04-505A-3 ABB ACS880 250 KW S\u00dcR\u00dcC\u00dc<\/p>\n<p>#ABB #ACS880 #250KW #S\u00dcR\u00dcC\u00dc #INVERTER<\/p>\n","protected":false},"excerpt":{"rendered":"<p>ACS880-04-505A-3 ABB ACS880 250 KW S\u00dcR\u00dcC\u00dc<\/p>\n<p>#ABB #ACS880 #250KW #S\u00dcR\u00dcC\u00dc #INVERTER<\/p>\n","protected":false},"featured_media":3247,"comment_status":"open","ping_status":"closed","template":"","meta":{"om_disable_all_campaigns":false,"_monsterinsights_skip_tracking":false,"_monsterinsights_sitenote_active":false,"_monsterinsights_sitenote_note":"","_monsterinsights_sitenote_category":0,"site-sidebar-layout":"default","site-content-layout":"default","ast-global-header-display":"","ast-main-header-display":"","ast-hfb-above-header-display":"","ast-hfb-below-header-display":"","ast-hfb-mobile-header-display":"","site-post-title":"","ast-breadcrumbs-content":"","ast-featured-img":"","footer-sml-layout":"","theme-transparent-header-meta":"default","adv-header-id-meta":"","stick-header-meta":"","header-above-stick-meta":"","header-main-stick-meta":"","header-below-stick-meta":""},"product_cat":[70,131,58],"product_tag":[259,62,322,323,68,230,67],"aioseo_notices":[],"_links":{"self":[{"href":"https:\/\/invertormerkezi.com\/index.php\/wp-json\/wp\/v2\/product\/3245"}],"collection":[{"href":"https:\/\/invertormerkezi.com\/index.php\/wp-json\/wp\/v2\/product"}],"about":[{"href":"https:\/\/invertormerkezi.com\/index.php\/wp-json\/wp\/v2\/types\/product"}],"replies":[{"embeddable":true,"href":"https:\/\/invertormerkezi.com\/index.php\/wp-json\/wp\/v2\/comments?post=3245"}],"wp:featuredmedia":[{"embeddable":true,"href":"https:\/\/invertormerkezi.com\/index.php\/wp-json\/wp\/v2\/media\/3247"}],"wp:attachment":[{"href":"https:\/\/invertormerkezi.com\/index.php\/wp-json\/wp\/v2\/media?parent=3245"}],"wp:term":[{"taxonomy":"product_cat","embeddable":true,"href":"https:\/\/invertormerkezi.com\/index.php\/wp-json\/wp\/v2\/product_cat?post=3245"},{"taxonomy":"product_tag","embeddable":true,"href":"https:\/\/invertormerkezi.com\/index.php\/wp-json\/wp\/v2\/product_tag?post=3245"}],"curies":[{"name":"wp","href":"https:\/\/api.w.org\/{rel}","templated":true}]}}