{"id":3260,"date":"2023-08-30T18:16:31","date_gmt":"2023-08-30T15:16:31","guid":{"rendered":"https:\/\/invertormerkezi.com\/?post_type=product&#038;p=3260"},"modified":"2024-02-20T16:35:07","modified_gmt":"2024-02-20T13:35:07","slug":"siemens-micromaster-430-110-kw-surucu","status":"publish","type":"product","link":"https:\/\/invertormerkezi.com\/index.php\/urun\/siemens-micromaster-430-110-kw-surucu\/","title":{"rendered":"SIEMENS MICROMASTER 430 110 KW S\u00dcR\u00dcC\u00dc 6SE6430-2UD41-1FA0"},"content":{"rendered":"<p>SIEMENS MICROMASTER 430 110 KW S\u00dcR\u00dcC\u00dc<\/p>\n<p>6SE6430-2UD41-1FA0<\/p>\n<p>#SIEMENS #MICROMASTER430 #110KW #S\u00dcR\u00dcC\u00dc #INVERTOR<\/p>\n","protected":false},"excerpt":{"rendered":"<p>SIEMENS MICROMASTER 430 110 KW S\u00dcR\u00dcC\u00dc<\/p>\n<p>6SE6430-2UD41-1FA0<\/p>\n<p>#SIEMENS #MICROMASTER430 #110KW #S\u00dcR\u00dcC\u00dc #INVERTOR<\/p>\n","protected":false},"featured_media":3262,"comment_status":"open","ping_status":"closed","template":"","meta":{"om_disable_all_campaigns":false,"_monsterinsights_skip_tracking":false,"_monsterinsights_sitenote_active":false,"_monsterinsights_sitenote_note":"","_monsterinsights_sitenote_category":0,"site-sidebar-layout":"default","site-content-layout":"default","ast-global-header-display":"","ast-main-header-display":"","ast-hfb-above-header-display":"","ast-hfb-below-header-display":"","ast-hfb-mobile-header-display":"","site-post-title":"","ast-breadcrumbs-content":"","ast-featured-img":"","footer-sml-layout":"","theme-transparent-header-meta":"default","adv-header-id-meta":"","stick-header-meta":"","header-above-stick-meta":"","header-main-stick-meta":"","header-below-stick-meta":""},"product_cat":[58,173,196,112],"product_tag":[302,327,68,230,200,184,67],"aioseo_notices":[],"_links":{"self":[{"href":"https:\/\/invertormerkezi.com\/index.php\/wp-json\/wp\/v2\/product\/3260"}],"collection":[{"href":"https:\/\/invertormerkezi.com\/index.php\/wp-json\/wp\/v2\/product"}],"about":[{"href":"https:\/\/invertormerkezi.com\/index.php\/wp-json\/wp\/v2\/types\/product"}],"replies":[{"embeddable":true,"href":"https:\/\/invertormerkezi.com\/index.php\/wp-json\/wp\/v2\/comments?post=3260"}],"wp:featuredmedia":[{"embeddable":true,"href":"https:\/\/invertormerkezi.com\/index.php\/wp-json\/wp\/v2\/media\/3262"}],"wp:attachment":[{"href":"https:\/\/invertormerkezi.com\/index.php\/wp-json\/wp\/v2\/media?parent=3260"}],"wp:term":[{"taxonomy":"product_cat","embeddable":true,"href":"https:\/\/invertormerkezi.com\/index.php\/wp-json\/wp\/v2\/product_cat?post=3260"},{"taxonomy":"product_tag","embeddable":true,"href":"https:\/\/invertormerkezi.com\/index.php\/wp-json\/wp\/v2\/product_tag?post=3260"}],"curies":[{"name":"wp","href":"https:\/\/api.w.org\/{rel}","templated":true}]}}