{"id":3265,"date":"2023-08-31T12:16:39","date_gmt":"2023-08-31T09:16:39","guid":{"rendered":"https:\/\/invertormerkezi.com\/?post_type=product&#038;p=3265"},"modified":"2024-02-20T16:34:14","modified_gmt":"2024-02-20T13:34:14","slug":"siemens-micromaster-440-55-75-kw-surucu-4","status":"publish","type":"product","link":"https:\/\/invertormerkezi.com\/index.php\/urun\/siemens-micromaster-440-55-75-kw-surucu-4\/","title":{"rendered":"SIEMENS MICROMASTER 440 55\/75 KW S\u00dcR\u00dcC\u00dc 6SE6440-2AD35-5FA1"},"content":{"rendered":"<p>SIEMENS MICROMASTER 440 55\/75 KW S\u00dcR\u00dcC\u00dc<\/p>\n<p>6SE6440-2AD35-5FA1<\/p>\n<p>#SIEMENS #MICROMASTER440 #55\/75KW #S\u00dcR\u00dcC\u00dc #6SE6440 #INVERTER<\/p>\n","protected":false},"excerpt":{"rendered":"<p>SIEMENS MICROMASTER 440 55\/75 KW S\u00dcR\u00dcC\u00dc<\/p>\n<p>6SE6440-2AD35-5FA1<\/p>\n<p>#SIEMENS #MICROMASTER440 #55\/75KW #S\u00dcR\u00dcC\u00dc #6SE6440 #INVERTER<\/p>\n","protected":false},"featured_media":3267,"comment_status":"open","ping_status":"closed","template":"","meta":{"om_disable_all_campaigns":false,"_monsterinsights_skip_tracking":false,"_monsterinsights_sitenote_active":false,"_monsterinsights_sitenote_note":"","_monsterinsights_sitenote_category":0,"site-sidebar-layout":"default","site-content-layout":"default","ast-global-header-display":"","ast-main-header-display":"","ast-hfb-above-header-display":"","ast-hfb-below-header-display":"","ast-hfb-mobile-header-display":"","site-post-title":"","ast-breadcrumbs-content":"","ast-featured-img":"","footer-sml-layout":"","theme-transparent-header-meta":"default","adv-header-id-meta":"","stick-header-meta":"","header-above-stick-meta":"","header-main-stick-meta":"","header-below-stick-meta":""},"product_cat":[58,173,198,112],"product_tag":[222,328,68,230,181,203,184,67],"aioseo_notices":[],"_links":{"self":[{"href":"https:\/\/invertormerkezi.com\/index.php\/wp-json\/wp\/v2\/product\/3265"}],"collection":[{"href":"https:\/\/invertormerkezi.com\/index.php\/wp-json\/wp\/v2\/product"}],"about":[{"href":"https:\/\/invertormerkezi.com\/index.php\/wp-json\/wp\/v2\/types\/product"}],"replies":[{"embeddable":true,"href":"https:\/\/invertormerkezi.com\/index.php\/wp-json\/wp\/v2\/comments?post=3265"}],"wp:featuredmedia":[{"embeddable":true,"href":"https:\/\/invertormerkezi.com\/index.php\/wp-json\/wp\/v2\/media\/3267"}],"wp:attachment":[{"href":"https:\/\/invertormerkezi.com\/index.php\/wp-json\/wp\/v2\/media?parent=3265"}],"wp:term":[{"taxonomy":"product_cat","embeddable":true,"href":"https:\/\/invertormerkezi.com\/index.php\/wp-json\/wp\/v2\/product_cat?post=3265"},{"taxonomy":"product_tag","embeddable":true,"href":"https:\/\/invertormerkezi.com\/index.php\/wp-json\/wp\/v2\/product_tag?post=3265"}],"curies":[{"name":"wp","href":"https:\/\/api.w.org\/{rel}","templated":true}]}}