{"id":3270,"date":"2023-08-31T13:38:55","date_gmt":"2023-08-31T10:38:55","guid":{"rendered":"https:\/\/invertormerkezi.com\/?post_type=product&#038;p=3270"},"modified":"2024-02-21T16:06:30","modified_gmt":"2024-02-21T13:06:30","slug":"abb-acs600-75-90-kw-surucu","status":"publish","type":"product","link":"https:\/\/invertormerkezi.com\/index.php\/urun\/abb-acs600-75-90-kw-surucu\/","title":{"rendered":"ABB ACS600 75\/90 KW S\u00dcR\u00dcC\u00dc ACS604-010-03"},"content":{"rendered":"<p>ABB ACS604-010-03 75\/90 KW S\u00dcR\u00dcC\u00dc<\/p>\n<p>#ABB #ACS600 #75\/90KW #S\u00dcR\u00dcC\u00dc #INVERTER<\/p>\n","protected":false},"excerpt":{"rendered":"<p>ABB ACS604-010-03 75\/90 KW S\u00dcR\u00dcC\u00dc<\/p>\n<p>#ABB #ACS600 #75\/90KW #S\u00dcR\u00dcC\u00dc #INVERTER<\/p>\n","protected":false},"featured_media":3272,"comment_status":"open","ping_status":"closed","template":"","meta":{"om_disable_all_campaigns":false,"_monsterinsights_skip_tracking":false,"_monsterinsights_sitenote_active":false,"_monsterinsights_sitenote_note":"","_monsterinsights_sitenote_category":0,"site-sidebar-layout":"default","site-content-layout":"default","ast-global-header-display":"","ast-main-header-display":"","ast-hfb-above-header-display":"","ast-hfb-below-header-display":"","ast-hfb-mobile-header-display":"","site-post-title":"","ast-breadcrumbs-content":"","ast-featured-img":"","footer-sml-layout":"","theme-transparent-header-meta":"default","adv-header-id-meta":"","stick-header-meta":"","header-above-stick-meta":"","header-main-stick-meta":"","header-below-stick-meta":""},"product_cat":[70,131,58],"product_tag":[224,62,329,68,230,67],"aioseo_notices":[],"_links":{"self":[{"href":"https:\/\/invertormerkezi.com\/index.php\/wp-json\/wp\/v2\/product\/3270"}],"collection":[{"href":"https:\/\/invertormerkezi.com\/index.php\/wp-json\/wp\/v2\/product"}],"about":[{"href":"https:\/\/invertormerkezi.com\/index.php\/wp-json\/wp\/v2\/types\/product"}],"replies":[{"embeddable":true,"href":"https:\/\/invertormerkezi.com\/index.php\/wp-json\/wp\/v2\/comments?post=3270"}],"wp:featuredmedia":[{"embeddable":true,"href":"https:\/\/invertormerkezi.com\/index.php\/wp-json\/wp\/v2\/media\/3272"}],"wp:attachment":[{"href":"https:\/\/invertormerkezi.com\/index.php\/wp-json\/wp\/v2\/media?parent=3270"}],"wp:term":[{"taxonomy":"product_cat","embeddable":true,"href":"https:\/\/invertormerkezi.com\/index.php\/wp-json\/wp\/v2\/product_cat?post=3270"},{"taxonomy":"product_tag","embeddable":true,"href":"https:\/\/invertormerkezi.com\/index.php\/wp-json\/wp\/v2\/product_tag?post=3270"}],"curies":[{"name":"wp","href":"https:\/\/api.w.org\/{rel}","templated":true}]}}