{"id":3294,"date":"2023-08-31T16:01:03","date_gmt":"2023-08-31T13:01:03","guid":{"rendered":"https:\/\/invertormerkezi.com\/?post_type=product&#038;p=3294"},"modified":"2024-02-21T16:00:49","modified_gmt":"2024-02-21T13:00:49","slug":"abb-acs880-110-kw-surucu","status":"publish","type":"product","link":"https:\/\/invertormerkezi.com\/index.php\/urun\/abb-acs880-110-kw-surucu\/","title":{"rendered":"ABB ACS880 110 KW S\u00dcR\u00dcC\u00dc ACS880-01-180A-5"},"content":{"rendered":"<p>ABB\u00a0<span style=\"font-size: 16px; font-style: normal; font-weight: 400;\">ACS880-01-180A-5<\/span><span style=\"font-size: 16px;\">\u00a0110 KW S\u00dcR\u00dcC\u00dc<\/span><\/p>\n<p>#ABB #ACS880 #110KW #S\u00dcR\u00dcC\u00dc #INVERTER<\/p>\n","protected":false},"excerpt":{"rendered":"<p>ABB\u00a0<span style=\"font-size: 16px; font-style: normal; font-weight: 400;\">ACS880-01-180A-5<\/span><span style=\"font-size: 16px;\">\u00a0110 KW S\u00dcR\u00dcC\u00dc<\/span><\/p>\n<p>#ABB #ACS880 #110KW #S\u00dcR\u00dcC\u00dc #INVERTER<\/p>\n","protected":false},"featured_media":3296,"comment_status":"open","ping_status":"closed","template":"","meta":{"om_disable_all_campaigns":false,"_monsterinsights_skip_tracking":false,"_monsterinsights_sitenote_active":false,"_monsterinsights_sitenote_note":"","_monsterinsights_sitenote_category":0,"site-sidebar-layout":"default","site-content-layout":"default","ast-global-header-display":"","ast-main-header-display":"","ast-hfb-above-header-display":"","ast-hfb-below-header-display":"","ast-hfb-mobile-header-display":"","site-post-title":"","ast-breadcrumbs-content":"","ast-featured-img":"","footer-sml-layout":"","theme-transparent-header-meta":"default","adv-header-id-meta":"","stick-header-meta":"","header-above-stick-meta":"","header-main-stick-meta":"","header-below-stick-meta":""},"product_cat":[70,131,58],"product_tag":[302,62,335,322,336,68,230,67],"aioseo_notices":[],"_links":{"self":[{"href":"https:\/\/invertormerkezi.com\/index.php\/wp-json\/wp\/v2\/product\/3294"}],"collection":[{"href":"https:\/\/invertormerkezi.com\/index.php\/wp-json\/wp\/v2\/product"}],"about":[{"href":"https:\/\/invertormerkezi.com\/index.php\/wp-json\/wp\/v2\/types\/product"}],"replies":[{"embeddable":true,"href":"https:\/\/invertormerkezi.com\/index.php\/wp-json\/wp\/v2\/comments?post=3294"}],"wp:featuredmedia":[{"embeddable":true,"href":"https:\/\/invertormerkezi.com\/index.php\/wp-json\/wp\/v2\/media\/3296"}],"wp:attachment":[{"href":"https:\/\/invertormerkezi.com\/index.php\/wp-json\/wp\/v2\/media?parent=3294"}],"wp:term":[{"taxonomy":"product_cat","embeddable":true,"href":"https:\/\/invertormerkezi.com\/index.php\/wp-json\/wp\/v2\/product_cat?post=3294"},{"taxonomy":"product_tag","embeddable":true,"href":"https:\/\/invertormerkezi.com\/index.php\/wp-json\/wp\/v2\/product_tag?post=3294"}],"curies":[{"name":"wp","href":"https:\/\/api.w.org\/{rel}","templated":true}]}}