{"id":3301,"date":"2024-02-21T14:56:54","date_gmt":"2024-02-21T11:56:54","guid":{"rendered":"https:\/\/invertormerkezi.com\/?post_type=product&#038;p=3301"},"modified":"2024-08-14T18:32:59","modified_gmt":"2024-08-14T15:32:59","slug":"abb-acx550-200-kw-surucu-acx550-u0-368a-4","status":"publish","type":"product","link":"https:\/\/invertormerkezi.com\/index.php\/urun\/abb-acx550-200-kw-surucu-acx550-u0-368a-4\/","title":{"rendered":"ABB ACX550 200 KW S\u00dcR\u00dcC\u00dc ACX550-U0-368A-4 380V"},"content":{"rendered":"<p>ACX550-U0-368A-4 SER\u0130S\u0130 ABB 200 KW HIZ KONTROL C\u0130HAZI 380V<br \/>\nET\u0130KETLER : #ABB #ACX550 #200 KW #S\u00dcR\u00dcC\u00dc #HIZ KONTROL C\u0130HAZI #INVERTOR<\/p>\n","protected":false},"excerpt":{"rendered":"<p>ACX550-U0-368A-4 SER\u0130S\u0130 ABB 200 KW HIZ KONTROL C\u0130HAZI 380V ET\u0130KETLER : #ABB #ACX550 #200 KW #S\u00dcR\u00dcC\u00dc #HIZ KONTROL C\u0130HAZI #INVERTOR<\/p>\n","protected":false},"featured_media":0,"comment_status":"open","ping_status":"closed","template":"","meta":{"om_disable_all_campaigns":false,"_monsterinsights_skip_tracking":false,"_monsterinsights_sitenote_active":false,"_monsterinsights_sitenote_note":"","_monsterinsights_sitenote_category":0,"site-sidebar-layout":"default","site-content-layout":"default","ast-global-header-display":"","ast-main-header-display":"","ast-hfb-above-header-display":"","ast-hfb-below-header-display":"","ast-hfb-mobile-header-display":"","site-post-title":"","ast-breadcrumbs-content":"","ast-featured-img":"","footer-sml-layout":"","theme-transparent-header-meta":"default","adv-header-id-meta":"","stick-header-meta":"","header-above-stick-meta":"","header-main-stick-meta":"","header-below-stick-meta":""},"product_cat":[16,70,133],"product_tag":[342,62,369,370,68,230,67],"aioseo_notices":[],"_links":{"self":[{"href":"https:\/\/invertormerkezi.com\/index.php\/wp-json\/wp\/v2\/product\/3301"}],"collection":[{"href":"https:\/\/invertormerkezi.com\/index.php\/wp-json\/wp\/v2\/product"}],"about":[{"href":"https:\/\/invertormerkezi.com\/index.php\/wp-json\/wp\/v2\/types\/product"}],"replies":[{"embeddable":true,"href":"https:\/\/invertormerkezi.com\/index.php\/wp-json\/wp\/v2\/comments?post=3301"}],"wp:attachment":[{"href":"https:\/\/invertormerkezi.com\/index.php\/wp-json\/wp\/v2\/media?parent=3301"}],"wp:term":[{"taxonomy":"product_cat","embeddable":true,"href":"https:\/\/invertormerkezi.com\/index.php\/wp-json\/wp\/v2\/product_cat?post=3301"},{"taxonomy":"product_tag","embeddable":true,"href":"https:\/\/invertormerkezi.com\/index.php\/wp-json\/wp\/v2\/product_tag?post=3301"}],"curies":[{"name":"wp","href":"https:\/\/api.w.org\/{rel}","templated":true}]}}