{"id":3332,"date":"2023-09-01T16:28:34","date_gmt":"2023-09-01T13:28:34","guid":{"rendered":"https:\/\/invertormerkezi.com\/?post_type=product&#038;p=3332"},"modified":"2024-02-21T14:52:24","modified_gmt":"2024-02-21T11:52:24","slug":"abb-acs850-75-kw-surucu","status":"publish","type":"product","link":"https:\/\/invertormerkezi.com\/index.php\/urun\/abb-acs850-75-kw-surucu\/","title":{"rendered":"ABB ACS850 75 KW S\u00dcR\u00dcC\u00dc ACS850-04-144A-5"},"content":{"rendered":"<p>ABB ACS850-04-144A-5 75 KW S\u00dcR\u00dcC\u00dc<\/p>\n<p>#ABB #ACS850 #75KW #S\u00dcR\u00dcC\u00dc #INVERTER #ACS850-04-144A-5<\/p>\n","protected":false},"excerpt":{"rendered":"<p>ABB ACS850-04-144A-5 75 KW S\u00dcR\u00dcC\u00dc<\/p>\n<p>#ABB #ACS850 #75KW #S\u00dcR\u00dcC\u00dc #INVERTER #ACS850-04-144A-5<\/p>\n","protected":false},"featured_media":3334,"comment_status":"open","ping_status":"closed","template":"","meta":{"om_disable_all_campaigns":false,"_monsterinsights_skip_tracking":false,"_monsterinsights_sitenote_active":false,"_monsterinsights_sitenote_note":"","_monsterinsights_sitenote_category":0,"site-sidebar-layout":"default","site-content-layout":"default","ast-global-header-display":"","ast-main-header-display":"","ast-hfb-above-header-display":"","ast-hfb-below-header-display":"","ast-hfb-mobile-header-display":"","site-post-title":"","ast-breadcrumbs-content":"","ast-featured-img":"","footer-sml-layout":"","theme-transparent-header-meta":"default","adv-header-id-meta":"","stick-header-meta":"","header-above-stick-meta":"","header-main-stick-meta":"","header-below-stick-meta":""},"product_cat":[70,131,58],"product_tag":[245,62,341,349,68,230,67],"aioseo_notices":[],"_links":{"self":[{"href":"https:\/\/invertormerkezi.com\/index.php\/wp-json\/wp\/v2\/product\/3332"}],"collection":[{"href":"https:\/\/invertormerkezi.com\/index.php\/wp-json\/wp\/v2\/product"}],"about":[{"href":"https:\/\/invertormerkezi.com\/index.php\/wp-json\/wp\/v2\/types\/product"}],"replies":[{"embeddable":true,"href":"https:\/\/invertormerkezi.com\/index.php\/wp-json\/wp\/v2\/comments?post=3332"}],"wp:featuredmedia":[{"embeddable":true,"href":"https:\/\/invertormerkezi.com\/index.php\/wp-json\/wp\/v2\/media\/3334"}],"wp:attachment":[{"href":"https:\/\/invertormerkezi.com\/index.php\/wp-json\/wp\/v2\/media?parent=3332"}],"wp:term":[{"taxonomy":"product_cat","embeddable":true,"href":"https:\/\/invertormerkezi.com\/index.php\/wp-json\/wp\/v2\/product_cat?post=3332"},{"taxonomy":"product_tag","embeddable":true,"href":"https:\/\/invertormerkezi.com\/index.php\/wp-json\/wp\/v2\/product_tag?post=3332"}],"curies":[{"name":"wp","href":"https:\/\/api.w.org\/{rel}","templated":true}]}}