{"id":3345,"date":"2023-09-04T17:15:53","date_gmt":"2023-09-04T14:15:53","guid":{"rendered":"https:\/\/invertormerkezi.com\/?post_type=product&#038;p=3345"},"modified":"2023-09-04T17:15:54","modified_gmt":"2023-09-04T14:15:54","slug":"teco-a510-45-55-kw-surucu","status":"publish","type":"product","link":"https:\/\/invertormerkezi.com\/index.php\/urun\/teco-a510-45-55-kw-surucu\/","title":{"rendered":"TECO A510 45\/55 KW S\u00dcR\u00dcC\u00dc"},"content":{"rendered":"<p>TECO\u00a0 A510 45\/55 KW S\u00dcR\u00dcC\u00dc<\/p>\n<p>A510-4060-H3<\/p>\n<p>#TECO #A510 #45\/55KW #45KW #55KW #S\u00dcR\u00dcC\u00dc<\/p>\n","protected":false},"excerpt":{"rendered":"<p>TECO\u00a0 A510 45\/55 KW S\u00dcR\u00dcC\u00dc<\/p>\n<p>A510-4060-H3<\/p>\n<p>#TECO #A510 #45\/55KW #45KW #55KW #S\u00dcR\u00dcC\u00dc<\/p>\n","protected":false},"featured_media":3347,"comment_status":"open","ping_status":"closed","template":"","meta":{"om_disable_all_campaigns":false,"_monsterinsights_skip_tracking":false,"_monsterinsights_sitenote_active":false,"_monsterinsights_sitenote_note":"","_monsterinsights_sitenote_category":0,"site-sidebar-layout":"default","site-content-layout":"default","ast-global-header-display":"","ast-main-header-display":"","ast-hfb-above-header-display":"","ast-hfb-below-header-display":"","ast-hfb-mobile-header-display":"","site-post-title":"","ast-breadcrumbs-content":"","ast-featured-img":"","footer-sml-layout":"","theme-transparent-header-meta":"default","adv-header-id-meta":"","stick-header-meta":"","header-above-stick-meta":"","header-main-stick-meta":"","header-below-stick-meta":""},"product_cat":[58,113],"product_tag":[361,360,242,358,359,68,230,67,249],"aioseo_notices":[],"_links":{"self":[{"href":"https:\/\/invertormerkezi.com\/index.php\/wp-json\/wp\/v2\/product\/3345"}],"collection":[{"href":"https:\/\/invertormerkezi.com\/index.php\/wp-json\/wp\/v2\/product"}],"about":[{"href":"https:\/\/invertormerkezi.com\/index.php\/wp-json\/wp\/v2\/types\/product"}],"replies":[{"embeddable":true,"href":"https:\/\/invertormerkezi.com\/index.php\/wp-json\/wp\/v2\/comments?post=3345"}],"wp:featuredmedia":[{"embeddable":true,"href":"https:\/\/invertormerkezi.com\/index.php\/wp-json\/wp\/v2\/media\/3347"}],"wp:attachment":[{"href":"https:\/\/invertormerkezi.com\/index.php\/wp-json\/wp\/v2\/media?parent=3345"}],"wp:term":[{"taxonomy":"product_cat","embeddable":true,"href":"https:\/\/invertormerkezi.com\/index.php\/wp-json\/wp\/v2\/product_cat?post=3345"},{"taxonomy":"product_tag","embeddable":true,"href":"https:\/\/invertormerkezi.com\/index.php\/wp-json\/wp\/v2\/product_tag?post=3345"}],"curies":[{"name":"wp","href":"https:\/\/api.w.org\/{rel}","templated":true}]}}