{"id":3365,"date":"2023-09-05T12:31:16","date_gmt":"2023-09-05T09:31:16","guid":{"rendered":"https:\/\/invertormerkezi.com\/?post_type=product&#038;p=3365"},"modified":"2024-08-14T18:35:13","modified_gmt":"2024-08-14T15:35:13","slug":"lenze-i550-75-kw-surucu","status":"publish","type":"product","link":"https:\/\/invertormerkezi.com\/index.php\/urun\/lenze-i550-75-kw-surucu\/","title":{"rendered":"LENZE \u0130550 7,5 KW S\u00dcR\u00dcC\u00dc I55AE275F10010000S 380V"},"content":{"rendered":"<p>LENZE \u0130550 7,5 KW S\u00dcR\u00dcC\u00dc 380V<\/p>\n<p>I55AE275F10010000S<\/p>\n<p>#LENZE #\u0130550 #S\u00dcR\u00dcC\u00dc #7.5KW #INVERTER<\/p>\n","protected":false},"excerpt":{"rendered":"<p>LENZE \u0130550 7,5 KW S\u00dcR\u00dcC\u00dc 380V<\/p>\n<p>I55AE275F10010000S<\/p>\n<p>#LENZE #\u0130550 #S\u00dcR\u00dcC\u00dc #7.5KW #INVERTER<\/p>\n","protected":false},"featured_media":3367,"comment_status":"open","ping_status":"closed","template":"","meta":{"om_disable_all_campaigns":false,"_monsterinsights_skip_tracking":false,"_monsterinsights_sitenote_active":false,"_monsterinsights_sitenote_note":"","_monsterinsights_sitenote_category":0,"site-sidebar-layout":"default","site-content-layout":"default","ast-global-header-display":"","ast-main-header-display":"","ast-hfb-above-header-display":"","ast-hfb-below-header-display":"","ast-hfb-mobile-header-display":"","site-post-title":"","ast-breadcrumbs-content":"","ast-featured-img":"","footer-sml-layout":"","theme-transparent-header-meta":"default","adv-header-id-meta":"","stick-header-meta":"","header-above-stick-meta":"","header-main-stick-meta":"","header-below-stick-meta":""},"product_cat":[58,95],"product_tag":[199,68,363,364,230,144,67],"aioseo_notices":[],"_links":{"self":[{"href":"https:\/\/invertormerkezi.com\/index.php\/wp-json\/wp\/v2\/product\/3365"}],"collection":[{"href":"https:\/\/invertormerkezi.com\/index.php\/wp-json\/wp\/v2\/product"}],"about":[{"href":"https:\/\/invertormerkezi.com\/index.php\/wp-json\/wp\/v2\/types\/product"}],"replies":[{"embeddable":true,"href":"https:\/\/invertormerkezi.com\/index.php\/wp-json\/wp\/v2\/comments?post=3365"}],"wp:featuredmedia":[{"embeddable":true,"href":"https:\/\/invertormerkezi.com\/index.php\/wp-json\/wp\/v2\/media\/3367"}],"wp:attachment":[{"href":"https:\/\/invertormerkezi.com\/index.php\/wp-json\/wp\/v2\/media?parent=3365"}],"wp:term":[{"taxonomy":"product_cat","embeddable":true,"href":"https:\/\/invertormerkezi.com\/index.php\/wp-json\/wp\/v2\/product_cat?post=3365"},{"taxonomy":"product_tag","embeddable":true,"href":"https:\/\/invertormerkezi.com\/index.php\/wp-json\/wp\/v2\/product_tag?post=3365"}],"curies":[{"name":"wp","href":"https:\/\/api.w.org\/{rel}","templated":true}]}}