{"id":3369,"date":"2023-09-05T16:14:58","date_gmt":"2023-09-05T13:14:58","guid":{"rendered":"https:\/\/invertormerkezi.com\/?post_type=product&#038;p=3369"},"modified":"2024-08-14T18:34:21","modified_gmt":"2024-08-14T15:34:21","slug":"vacon-nxl-22-30-kw-surucu","status":"publish","type":"product","link":"https:\/\/invertormerkezi.com\/index.php\/urun\/vacon-nxl-22-30-kw-surucu\/","title":{"rendered":"VACON NXL 22\/30 KW S\u00dcR\u00dcC\u00dc NXL 380V"},"content":{"rendered":"<p>VACON NXL 22\/30 KW S\u00dcR\u00dcC\u00dc 380V<\/p>\n<p>NXL00615C2H1SSS0000<\/p>\n<p>#VACON #22KW #30KW #22\/30KW #S\u00dcR\u00dcC\u00dc #INVERTER<\/p>\n","protected":false},"excerpt":{"rendered":"<p>VACON NXL 22\/30 KW S\u00dcR\u00dcC\u00dc 380V<\/p>\n<p>NXL00615C2H1SSS0000<\/p>\n<p>#VACON #22KW #30KW #22\/30KW #S\u00dcR\u00dcC\u00dc #INVERTER<\/p>\n","protected":false},"featured_media":3372,"comment_status":"open","ping_status":"closed","template":"","meta":{"om_disable_all_campaigns":false,"_monsterinsights_skip_tracking":false,"_monsterinsights_sitenote_active":false,"_monsterinsights_sitenote_note":"","_monsterinsights_sitenote_category":0,"site-sidebar-layout":"default","site-content-layout":"default","ast-global-header-display":"","ast-main-header-display":"","ast-hfb-above-header-display":"","ast-hfb-below-header-display":"","ast-hfb-mobile-header-display":"","site-post-title":"","ast-breadcrumbs-content":"","ast-featured-img":"","footer-sml-layout":"","theme-transparent-header-meta":"default","adv-header-id-meta":"","stick-header-meta":"","header-above-stick-meta":"","header-main-stick-meta":"","header-below-stick-meta":""},"product_cat":[58,307],"product_tag":[274,201,68,230,365,366,67,266],"aioseo_notices":[],"_links":{"self":[{"href":"https:\/\/invertormerkezi.com\/index.php\/wp-json\/wp\/v2\/product\/3369"}],"collection":[{"href":"https:\/\/invertormerkezi.com\/index.php\/wp-json\/wp\/v2\/product"}],"about":[{"href":"https:\/\/invertormerkezi.com\/index.php\/wp-json\/wp\/v2\/types\/product"}],"replies":[{"embeddable":true,"href":"https:\/\/invertormerkezi.com\/index.php\/wp-json\/wp\/v2\/comments?post=3369"}],"wp:featuredmedia":[{"embeddable":true,"href":"https:\/\/invertormerkezi.com\/index.php\/wp-json\/wp\/v2\/media\/3372"}],"wp:attachment":[{"href":"https:\/\/invertormerkezi.com\/index.php\/wp-json\/wp\/v2\/media?parent=3369"}],"wp:term":[{"taxonomy":"product_cat","embeddable":true,"href":"https:\/\/invertormerkezi.com\/index.php\/wp-json\/wp\/v2\/product_cat?post=3369"},{"taxonomy":"product_tag","embeddable":true,"href":"https:\/\/invertormerkezi.com\/index.php\/wp-json\/wp\/v2\/product_tag?post=3369"}],"curies":[{"name":"wp","href":"https:\/\/api.w.org\/{rel}","templated":true}]}}