{"id":3427,"date":"2024-04-18T11:10:27","date_gmt":"2024-04-18T08:10:27","guid":{"rendered":"https:\/\/invertormerkezi.com\/?post_type=product&#038;p=3427"},"modified":"2024-08-14T18:26:41","modified_gmt":"2024-08-14T15:26:41","slug":"telemecanique-atv61-15-kw-surucu-atv61hu15n4","status":"publish","type":"product","link":"https:\/\/invertormerkezi.com\/index.php\/urun\/telemecanique-atv61-15-kw-surucu-atv61hu15n4\/","title":{"rendered":"TELEMECANIQUE ATV61 1,5 KW S\u00dcR\u00dcC\u00dc ATV61HU15N4 380V"},"content":{"rendered":"<p>TELEMECANIQUE ATV61 1,5 KW S\u00dcR\u00dcC\u00dc 380V<\/p>\n<p>#HIZKONTROL, #ATV61, #TELEMECANIQUE, #1.5KW, #INVERTER, #INVERTER<\/p>\n","protected":false},"excerpt":{"rendered":"<p>TELEMECANIQUE ATV61 1,5 KW S\u00dcR\u00dcC\u00dc 380V<\/p>\n<p>#HIZKONTROL, #ATV61, #TELEMECANIQUE, #1.5KW, #INVERTER, #INVERTER<\/p>\n","protected":false},"featured_media":3429,"comment_status":"open","ping_status":"closed","template":"","meta":{"om_disable_all_campaigns":false,"_monsterinsights_skip_tracking":false,"_monsterinsights_sitenote_active":false,"_monsterinsights_sitenote_note":"","_monsterinsights_sitenote_category":0,"site-sidebar-layout":"default","site-content-layout":"default","ast-global-header-display":"","ast-main-header-display":"","ast-hfb-above-header-display":"","ast-hfb-below-header-display":"","ast-hfb-mobile-header-display":"","site-post-title":"","ast-breadcrumbs-content":"","ast-featured-img":"","footer-sml-layout":"","theme-transparent-header-meta":"default","adv-header-id-meta":"","stick-header-meta":"","header-above-stick-meta":"","header-main-stick-meta":"","header-below-stick-meta":""},"product_cat":[297,58,114],"product_tag":[190,258,408,68,230,67,247],"aioseo_notices":[],"_links":{"self":[{"href":"https:\/\/invertormerkezi.com\/index.php\/wp-json\/wp\/v2\/product\/3427"}],"collection":[{"href":"https:\/\/invertormerkezi.com\/index.php\/wp-json\/wp\/v2\/product"}],"about":[{"href":"https:\/\/invertormerkezi.com\/index.php\/wp-json\/wp\/v2\/types\/product"}],"replies":[{"embeddable":true,"href":"https:\/\/invertormerkezi.com\/index.php\/wp-json\/wp\/v2\/comments?post=3427"}],"wp:featuredmedia":[{"embeddable":true,"href":"https:\/\/invertormerkezi.com\/index.php\/wp-json\/wp\/v2\/media\/3429"}],"wp:attachment":[{"href":"https:\/\/invertormerkezi.com\/index.php\/wp-json\/wp\/v2\/media?parent=3427"}],"wp:term":[{"taxonomy":"product_cat","embeddable":true,"href":"https:\/\/invertormerkezi.com\/index.php\/wp-json\/wp\/v2\/product_cat?post=3427"},{"taxonomy":"product_tag","embeddable":true,"href":"https:\/\/invertormerkezi.com\/index.php\/wp-json\/wp\/v2\/product_tag?post=3427"}],"curies":[{"name":"wp","href":"https:\/\/api.w.org\/{rel}","templated":true}]}}