{"id":3432,"date":"2024-05-07T13:42:23","date_gmt":"2024-05-07T10:42:23","guid":{"rendered":"https:\/\/invertormerkezi.com\/?post_type=product&#038;p=3432"},"modified":"2024-08-14T18:24:41","modified_gmt":"2024-08-14T15:24:41","slug":"telemecanique-atv61-4-kw-surucu","status":"publish","type":"product","link":"https:\/\/invertormerkezi.com\/index.php\/urun\/telemecanique-atv61-4-kw-surucu\/","title":{"rendered":"TELEMECANIQUE ATV61 4 KW S\u00dcR\u00dcC\u00dc ATV61HU40N4 380V"},"content":{"rendered":"<p>TELEMECANIQUE ATV61 4 KW S\u00dcR\u00dcC\u00dc ATV61HU40N4 380V<\/p>\n<p>#ATV61 #ALTIVAR61 #TELEMECANIQUE #4KW #S\u00dcR\u00dcC\u00dc #HIZKONTROL #INVERTER #ATV61HU40N4<\/p>\n","protected":false},"excerpt":{"rendered":"<p>TELEMECANIQUE ATV61 4 KW S\u00dcR\u00dcC\u00dc ATV61HU40N4 380V<\/p>\n<p>#ATV61 #ALTIVAR61 #TELEMECANIQUE #4KW #S\u00dcR\u00dcC\u00dc #HIZKONTROL #INVERTER #ATV61HU40N4<\/p>\n","protected":false},"featured_media":3434,"comment_status":"open","ping_status":"closed","template":"","meta":{"om_disable_all_campaigns":false,"_monsterinsights_skip_tracking":false,"_monsterinsights_sitenote_active":false,"_monsterinsights_sitenote_note":"","_monsterinsights_sitenote_category":0,"site-sidebar-layout":"default","site-content-layout":"default","ast-global-header-display":"","ast-main-header-display":"","ast-hfb-above-header-display":"","ast-hfb-below-header-display":"","ast-hfb-mobile-header-display":"","site-post-title":"","ast-breadcrumbs-content":"","ast-featured-img":"","footer-sml-layout":"","theme-transparent-header-meta":"default","adv-header-id-meta":"","stick-header-meta":"","header-above-stick-meta":"","header-main-stick-meta":"","header-below-stick-meta":""},"product_cat":[16,297,58,110,114],"product_tag":[192,258,407,68,230,67,247],"aioseo_notices":[],"_links":{"self":[{"href":"https:\/\/invertormerkezi.com\/index.php\/wp-json\/wp\/v2\/product\/3432"}],"collection":[{"href":"https:\/\/invertormerkezi.com\/index.php\/wp-json\/wp\/v2\/product"}],"about":[{"href":"https:\/\/invertormerkezi.com\/index.php\/wp-json\/wp\/v2\/types\/product"}],"replies":[{"embeddable":true,"href":"https:\/\/invertormerkezi.com\/index.php\/wp-json\/wp\/v2\/comments?post=3432"}],"wp:featuredmedia":[{"embeddable":true,"href":"https:\/\/invertormerkezi.com\/index.php\/wp-json\/wp\/v2\/media\/3434"}],"wp:attachment":[{"href":"https:\/\/invertormerkezi.com\/index.php\/wp-json\/wp\/v2\/media?parent=3432"}],"wp:term":[{"taxonomy":"product_cat","embeddable":true,"href":"https:\/\/invertormerkezi.com\/index.php\/wp-json\/wp\/v2\/product_cat?post=3432"},{"taxonomy":"product_tag","embeddable":true,"href":"https:\/\/invertormerkezi.com\/index.php\/wp-json\/wp\/v2\/product_tag?post=3432"}],"curies":[{"name":"wp","href":"https:\/\/api.w.org\/{rel}","templated":true}]}}