{"id":3448,"date":"2024-05-07T14:35:17","date_gmt":"2024-05-07T11:35:17","guid":{"rendered":"https:\/\/invertormerkezi.com\/?post_type=product&#038;p=3448"},"modified":"2024-08-14T18:21:42","modified_gmt":"2024-08-14T15:21:42","slug":"schneider-atv61-30-kw-surucu-atv61hd30n4","status":"publish","type":"product","link":"https:\/\/invertormerkezi.com\/index.php\/urun\/schneider-atv61-30-kw-surucu-atv61hd30n4\/","title":{"rendered":"SCHNEIDER ATV61 30 KW S\u00dcR\u00dcC\u00dc ATV61HD30N4 380V"},"content":{"rendered":"<p>SCHNEIDER ATV61 30 KW S\u00dcR\u00dcC\u00dc ATV61HD30N4 380V<\/p>\n<p>#SCHNEDIER #ATV61 #S\u00dcR\u00dcC\u00dc #30KW #INVERTER #HIZKONTROL #ATV61HD30N4<\/p>\n","protected":false},"excerpt":{"rendered":"<p>TELEMECANIQUE ATV61 30 KW S\u00dcR\u00dcC\u00dc ATV61HD30N4 380V<\/p>\n<p>#TELEMECANIQUE #ATV61 #S\u00dcR\u00dcC\u00dc #30KW #INVERTER #HIZKONTROL #ATV61HD30N4<\/p>\n","protected":false},"featured_media":3450,"comment_status":"open","ping_status":"closed","template":"","meta":{"om_disable_all_campaigns":false,"_monsterinsights_skip_tracking":false,"_monsterinsights_sitenote_active":false,"_monsterinsights_sitenote_note":"","_monsterinsights_sitenote_category":0,"site-sidebar-layout":"default","site-content-layout":"default","ast-global-header-display":"","ast-main-header-display":"","ast-hfb-above-header-display":"","ast-hfb-below-header-display":"","ast-hfb-mobile-header-display":"","site-post-title":"","ast-breadcrumbs-content":"","ast-featured-img":"","footer-sml-layout":"","theme-transparent-header-meta":"default","adv-header-id-meta":"","stick-header-meta":"","header-above-stick-meta":"","header-main-stick-meta":"","header-below-stick-meta":""},"product_cat":[297,58,110,114],"product_tag":[201,258,406,399,230,172,67],"aioseo_notices":[],"_links":{"self":[{"href":"https:\/\/invertormerkezi.com\/index.php\/wp-json\/wp\/v2\/product\/3448"}],"collection":[{"href":"https:\/\/invertormerkezi.com\/index.php\/wp-json\/wp\/v2\/product"}],"about":[{"href":"https:\/\/invertormerkezi.com\/index.php\/wp-json\/wp\/v2\/types\/product"}],"replies":[{"embeddable":true,"href":"https:\/\/invertormerkezi.com\/index.php\/wp-json\/wp\/v2\/comments?post=3448"}],"wp:featuredmedia":[{"embeddable":true,"href":"https:\/\/invertormerkezi.com\/index.php\/wp-json\/wp\/v2\/media\/3450"}],"wp:attachment":[{"href":"https:\/\/invertormerkezi.com\/index.php\/wp-json\/wp\/v2\/media?parent=3448"}],"wp:term":[{"taxonomy":"product_cat","embeddable":true,"href":"https:\/\/invertormerkezi.com\/index.php\/wp-json\/wp\/v2\/product_cat?post=3448"},{"taxonomy":"product_tag","embeddable":true,"href":"https:\/\/invertormerkezi.com\/index.php\/wp-json\/wp\/v2\/product_tag?post=3448"}],"curies":[{"name":"wp","href":"https:\/\/api.w.org\/{rel}","templated":true}]}}