{"id":3454,"date":"2024-08-14T18:16:28","date_gmt":"2024-08-14T15:16:28","guid":{"rendered":"https:\/\/invertormerkezi.com\/?post_type=product&#038;p=3454"},"modified":"2024-08-14T18:16:28","modified_gmt":"2024-08-14T15:16:28","slug":"telemecanique-atv71-185-kw-surucu-atv71hd18n4-380v","status":"publish","type":"product","link":"https:\/\/invertormerkezi.com\/index.php\/urun\/telemecanique-atv71-185-kw-surucu-atv71hd18n4-380v\/","title":{"rendered":"TELEMECANIQUE ATV71 18,5 KW S\u00dcR\u00dcC\u00dc ATV71HD18N4 380V"},"content":{"rendered":"<p>TELEMECANIQUE ATV71 18,5 KW S\u00dcR\u00dcC\u00dc ATV71HD18N4 380V<\/p>\n<p>#TELEMECANIQUE, #ATV71, #18,5KW #INVERTER, #S\u00dcR\u00dcC\u00dc #ATV71HD18N4<\/p>\n","protected":false},"excerpt":{"rendered":"<p>TELEMECANIQUE ATV71 18,5 KW S\u00dcR\u00dcC\u00dc ATV71HD18N4 380V<\/p>\n<p>#TELEMECANIQUE, #ATV71, #18,5KW #INVERTER, #S\u00dcR\u00dcC\u00dc #ATV71HD18N4<\/p>\n","protected":false},"featured_media":0,"comment_status":"open","ping_status":"closed","template":"","meta":{"om_disable_all_campaigns":false,"_monsterinsights_skip_tracking":false,"_monsterinsights_sitenote_active":false,"_monsterinsights_sitenote_note":"","_monsterinsights_sitenote_category":0,"site-sidebar-layout":"default","site-content-layout":"default","ast-global-header-display":"","ast-main-header-display":"","ast-hfb-above-header-display":"","ast-hfb-below-header-display":"","ast-hfb-mobile-header-display":"","site-post-title":"","ast-breadcrumbs-content":"","ast-featured-img":"","footer-sml-layout":"","theme-transparent-header-meta":"default","adv-header-id-meta":"","stick-header-meta":"","header-above-stick-meta":"","header-main-stick-meta":"","header-below-stick-meta":""},"product_cat":[16],"product_tag":[319,253,405,399,172,67,247],"aioseo_notices":[],"_links":{"self":[{"href":"https:\/\/invertormerkezi.com\/index.php\/wp-json\/wp\/v2\/product\/3454"}],"collection":[{"href":"https:\/\/invertormerkezi.com\/index.php\/wp-json\/wp\/v2\/product"}],"about":[{"href":"https:\/\/invertormerkezi.com\/index.php\/wp-json\/wp\/v2\/types\/product"}],"replies":[{"embeddable":true,"href":"https:\/\/invertormerkezi.com\/index.php\/wp-json\/wp\/v2\/comments?post=3454"}],"wp:attachment":[{"href":"https:\/\/invertormerkezi.com\/index.php\/wp-json\/wp\/v2\/media?parent=3454"}],"wp:term":[{"taxonomy":"product_cat","embeddable":true,"href":"https:\/\/invertormerkezi.com\/index.php\/wp-json\/wp\/v2\/product_cat?post=3454"},{"taxonomy":"product_tag","embeddable":true,"href":"https:\/\/invertormerkezi.com\/index.php\/wp-json\/wp\/v2\/product_tag?post=3454"}],"curies":[{"name":"wp","href":"https:\/\/api.w.org\/{rel}","templated":true}]}}