{"id":3502,"date":"2025-02-17T15:50:23","date_gmt":"2025-02-17T12:50:23","guid":{"rendered":"https:\/\/invertormerkezi.com\/?post_type=product&#038;p=3502"},"modified":"2025-02-17T15:50:23","modified_gmt":"2025-02-17T12:50:23","slug":"allen-bradley-powerflex-220v-075-kw-surucu-22f-a4p2n103","status":"publish","type":"product","link":"https:\/\/invertormerkezi.com\/index.php\/urun\/allen-bradley-powerflex-220v-075-kw-surucu-22f-a4p2n103\/","title":{"rendered":"ALLEN-BRADLEY POWERFLEX 220V 0,75 KW S\u00dcR\u00dcC\u00dc 22F-A4P2N103"},"content":{"rendered":"<p>ALLEN-BRADLEY POWERFLEX 220V 0,75 KW S\u00dcR\u00dcC\u00dc 22F-A4P2N103<\/p>\n<p>#ALLEN-BRADLEY, #POWERFLEX, #220V, #INVERTER, #0.75KW<\/p>\n","protected":false},"excerpt":{"rendered":"<p>ALLEN-BRADLEY POWERFLEX 220V 0,75 KW S\u00dcR\u00dcC\u00dc 22F-A4P2N103<\/p>\n<p>#ALLEN-BRADLEY, #POWERFLEX, #220V, #INVERTER, #0.75KW<\/p>\n","protected":false},"featured_media":3503,"comment_status":"open","ping_status":"closed","template":"","meta":{"om_disable_all_campaigns":false,"_monsterinsights_skip_tracking":false,"_monsterinsights_sitenote_active":false,"_monsterinsights_sitenote_note":"","_monsterinsights_sitenote_category":0,"site-sidebar-layout":"default","site-content-layout":"default","ast-global-header-display":"","ast-main-header-display":"","ast-hfb-above-header-display":"","ast-hfb-below-header-display":"","ast-hfb-mobile-header-display":"","site-post-title":"","ast-breadcrumbs-content":"","ast-featured-img":"","footer-sml-layout":"","theme-transparent-header-meta":"default","adv-header-id-meta":"","stick-header-meta":"","header-above-stick-meta":"","header-main-stick-meta":"","header-below-stick-meta":""},"product_cat":[16,71],"product_tag":[186,122,230,330,67],"aioseo_notices":[],"_links":{"self":[{"href":"https:\/\/invertormerkezi.com\/index.php\/wp-json\/wp\/v2\/product\/3502"}],"collection":[{"href":"https:\/\/invertormerkezi.com\/index.php\/wp-json\/wp\/v2\/product"}],"about":[{"href":"https:\/\/invertormerkezi.com\/index.php\/wp-json\/wp\/v2\/types\/product"}],"replies":[{"embeddable":true,"href":"https:\/\/invertormerkezi.com\/index.php\/wp-json\/wp\/v2\/comments?post=3502"}],"wp:featuredmedia":[{"embeddable":true,"href":"https:\/\/invertormerkezi.com\/index.php\/wp-json\/wp\/v2\/media\/3503"}],"wp:attachment":[{"href":"https:\/\/invertormerkezi.com\/index.php\/wp-json\/wp\/v2\/media?parent=3502"}],"wp:term":[{"taxonomy":"product_cat","embeddable":true,"href":"https:\/\/invertormerkezi.com\/index.php\/wp-json\/wp\/v2\/product_cat?post=3502"},{"taxonomy":"product_tag","embeddable":true,"href":"https:\/\/invertormerkezi.com\/index.php\/wp-json\/wp\/v2\/product_tag?post=3502"}],"curies":[{"name":"wp","href":"https:\/\/api.w.org\/{rel}","templated":true}]}}