{"id":3516,"date":"2025-02-18T18:23:26","date_gmt":"2025-02-18T15:23:26","guid":{"rendered":"https:\/\/invertormerkezi.com\/?post_type=product&#038;p=3516"},"modified":"2025-02-18T18:23:26","modified_gmt":"2025-02-18T15:23:26","slug":"lenze-8200-vector-75-kw-surucu-e82ev752-4c","status":"publish","type":"product","link":"https:\/\/invertormerkezi.com\/index.php\/urun\/lenze-8200-vector-75-kw-surucu-e82ev752-4c\/","title":{"rendered":"LENZE 8200 VECTOR 7,5 KW S\u00dcR\u00dcC\u00dc E82EV752-4C"},"content":{"rendered":"<p>LENZE 8200 VECTOR 7,5 KW S\u00dcR\u00dcC\u00dc E82EV752-4C<br \/>\n#LENZE, #8200, #VECTOR, #7.5KW, #S\u00dcR\u00dcC\u00dc, #E82EV752-4C<\/p>\n","protected":false},"excerpt":{"rendered":"<p>LENZE 8200 VECTOR 7,5 KW S\u00dcR\u00dcC\u00dc E82EV752-4C<br \/>\n#LENZE, #8200, #VECTOR, #7.5KW, #S\u00dcR\u00dcC\u00dc, #E82EV752-4C<\/p>\n","protected":false},"featured_media":3517,"comment_status":"open","ping_status":"closed","template":"","meta":{"om_disable_all_campaigns":false,"_monsterinsights_skip_tracking":false,"_monsterinsights_sitenote_active":false,"_monsterinsights_sitenote_note":"","_monsterinsights_sitenote_category":0,"site-sidebar-layout":"default","site-content-layout":"default","ast-global-header-display":"","ast-main-header-display":"","ast-hfb-above-header-display":"","ast-hfb-below-header-display":"","ast-hfb-mobile-header-display":"","site-post-title":"","ast-breadcrumbs-content":"","ast-featured-img":"","footer-sml-layout":"","theme-transparent-header-meta":"default","adv-header-id-meta":"","stick-header-meta":"","header-above-stick-meta":"","header-main-stick-meta":"","header-below-stick-meta":""},"product_cat":[16,95],"product_tag":[199,418,230,144,67,415],"aioseo_notices":[],"_links":{"self":[{"href":"https:\/\/invertormerkezi.com\/index.php\/wp-json\/wp\/v2\/product\/3516"}],"collection":[{"href":"https:\/\/invertormerkezi.com\/index.php\/wp-json\/wp\/v2\/product"}],"about":[{"href":"https:\/\/invertormerkezi.com\/index.php\/wp-json\/wp\/v2\/types\/product"}],"replies":[{"embeddable":true,"href":"https:\/\/invertormerkezi.com\/index.php\/wp-json\/wp\/v2\/comments?post=3516"}],"wp:featuredmedia":[{"embeddable":true,"href":"https:\/\/invertormerkezi.com\/index.php\/wp-json\/wp\/v2\/media\/3517"}],"wp:attachment":[{"href":"https:\/\/invertormerkezi.com\/index.php\/wp-json\/wp\/v2\/media?parent=3516"}],"wp:term":[{"taxonomy":"product_cat","embeddable":true,"href":"https:\/\/invertormerkezi.com\/index.php\/wp-json\/wp\/v2\/product_cat?post=3516"},{"taxonomy":"product_tag","embeddable":true,"href":"https:\/\/invertormerkezi.com\/index.php\/wp-json\/wp\/v2\/product_tag?post=3516"}],"curies":[{"name":"wp","href":"https:\/\/api.w.org\/{rel}","templated":true}]}}