{"id":3536,"date":"2025-03-10T16:21:08","date_gmt":"2025-03-10T13:21:08","guid":{"rendered":"https:\/\/invertormerkezi.com\/?post_type=product&#038;p=3536"},"modified":"2025-03-10T16:21:30","modified_gmt":"2025-03-10T13:21:30","slug":"telemecanique-atv21-45-kw-surucu-atv21hd45n4","status":"publish","type":"product","link":"https:\/\/invertormerkezi.com\/index.php\/urun\/telemecanique-atv21-45-kw-surucu-atv21hd45n4\/","title":{"rendered":"TELEMECANIQUE ATV21 45 KW S\u00dcR\u00dcC\u00dc ATV21HD45N4"},"content":{"rendered":"<p>TELEMECANIQUE ATV21 45 KW S\u00dcR\u00dcC\u00dc ATV21HD45N4<br \/>\n#TELEMECANIQUE, #SCHNEIDER, #ALTIVAR21, #45KW, #INVERTER<\/p>\n","protected":false},"excerpt":{"rendered":"<p>TELEMECANIQUE ATV21 45 KW S\u00dcR\u00dcC\u00dc ATV21HD45N4<br \/>\n#TELEMECANIQUE, #SCHNEIDER, #ALTIVAR21, #45KW, #INVERTER<\/p>\n","protected":false},"featured_media":3538,"comment_status":"open","ping_status":"closed","template":"","meta":{"om_disable_all_campaigns":false,"_monsterinsights_skip_tracking":false,"_monsterinsights_sitenote_active":false,"_monsterinsights_sitenote_note":"","_monsterinsights_sitenote_category":0,"site-sidebar-layout":"default","site-content-layout":"default","ast-global-header-display":"","ast-main-header-display":"","ast-hfb-above-header-display":"","ast-hfb-below-header-display":"","ast-hfb-mobile-header-display":"","site-post-title":"","ast-breadcrumbs-content":"","ast-featured-img":"","footer-sml-layout":"","theme-transparent-header-meta":"default","adv-header-id-meta":"","stick-header-meta":"","header-above-stick-meta":"","header-main-stick-meta":"","header-below-stick-meta":""},"product_cat":[16,298,110,114],"product_tag":[431,252,433,432,230,172,247],"aioseo_notices":[],"_links":{"self":[{"href":"https:\/\/invertormerkezi.com\/index.php\/wp-json\/wp\/v2\/product\/3536"}],"collection":[{"href":"https:\/\/invertormerkezi.com\/index.php\/wp-json\/wp\/v2\/product"}],"about":[{"href":"https:\/\/invertormerkezi.com\/index.php\/wp-json\/wp\/v2\/types\/product"}],"replies":[{"embeddable":true,"href":"https:\/\/invertormerkezi.com\/index.php\/wp-json\/wp\/v2\/comments?post=3536"}],"wp:featuredmedia":[{"embeddable":true,"href":"https:\/\/invertormerkezi.com\/index.php\/wp-json\/wp\/v2\/media\/3538"}],"wp:attachment":[{"href":"https:\/\/invertormerkezi.com\/index.php\/wp-json\/wp\/v2\/media?parent=3536"}],"wp:term":[{"taxonomy":"product_cat","embeddable":true,"href":"https:\/\/invertormerkezi.com\/index.php\/wp-json\/wp\/v2\/product_cat?post=3536"},{"taxonomy":"product_tag","embeddable":true,"href":"https:\/\/invertormerkezi.com\/index.php\/wp-json\/wp\/v2\/product_tag?post=3536"}],"curies":[{"name":"wp","href":"https:\/\/api.w.org\/{rel}","templated":true}]}}