{"id":3545,"date":"2025-03-10T17:11:26","date_gmt":"2025-03-10T14:11:26","guid":{"rendered":"https:\/\/invertormerkezi.com\/?post_type=product&#038;p=3545"},"modified":"2025-03-10T17:11:26","modified_gmt":"2025-03-10T14:11:26","slug":"telemecanique-atv21-75-kw-surucu-atv21hu75n4","status":"publish","type":"product","link":"https:\/\/invertormerkezi.com\/index.php\/urun\/telemecanique-atv21-75-kw-surucu-atv21hu75n4\/","title":{"rendered":"TELEMECANIQUE ATV21 7,5 KW S\u00dcR\u00dcC\u00dc ATV21HU75N4"},"content":{"rendered":"<p>TELEMECANIQUE ATV21 7,5 KW S\u00dcR\u00dcC\u00dc ATV21HU75N4<br \/>\n#TELEMECANIQUE, #ATV21, #SCHNEIDER, #7.5KW, #INVERTER<\/p>\n","protected":false},"excerpt":{"rendered":"<p>TELEMECANIQUE ATV21 7,5 KW S\u00dcR\u00dcC\u00dc ATV21HU75N4<br \/>\n#TELEMECANIQUE, #ATV21, #SCHNEIDER, #7.5KW, #INVERTER<\/p>\n","protected":false},"featured_media":3547,"comment_status":"open","ping_status":"closed","template":"","meta":{"om_disable_all_campaigns":false,"_monsterinsights_skip_tracking":false,"_monsterinsights_sitenote_active":false,"_monsterinsights_sitenote_note":"","_monsterinsights_sitenote_category":0,"site-sidebar-layout":"default","site-content-layout":"default","ast-global-header-display":"","ast-main-header-display":"","ast-hfb-above-header-display":"","ast-hfb-below-header-display":"","ast-hfb-mobile-header-display":"","site-post-title":"","ast-breadcrumbs-content":"","ast-featured-img":"","footer-sml-layout":"","theme-transparent-header-meta":"default","adv-header-id-meta":"","stick-header-meta":"","header-above-stick-meta":"","header-main-stick-meta":"","header-below-stick-meta":""},"product_cat":[16,298,110,114],"product_tag":[199,431,252,435,230,172,67,247],"aioseo_notices":[],"_links":{"self":[{"href":"https:\/\/invertormerkezi.com\/index.php\/wp-json\/wp\/v2\/product\/3545"}],"collection":[{"href":"https:\/\/invertormerkezi.com\/index.php\/wp-json\/wp\/v2\/product"}],"about":[{"href":"https:\/\/invertormerkezi.com\/index.php\/wp-json\/wp\/v2\/types\/product"}],"replies":[{"embeddable":true,"href":"https:\/\/invertormerkezi.com\/index.php\/wp-json\/wp\/v2\/comments?post=3545"}],"wp:featuredmedia":[{"embeddable":true,"href":"https:\/\/invertormerkezi.com\/index.php\/wp-json\/wp\/v2\/media\/3547"}],"wp:attachment":[{"href":"https:\/\/invertormerkezi.com\/index.php\/wp-json\/wp\/v2\/media?parent=3545"}],"wp:term":[{"taxonomy":"product_cat","embeddable":true,"href":"https:\/\/invertormerkezi.com\/index.php\/wp-json\/wp\/v2\/product_cat?post=3545"},{"taxonomy":"product_tag","embeddable":true,"href":"https:\/\/invertormerkezi.com\/index.php\/wp-json\/wp\/v2\/product_tag?post=3545"}],"curies":[{"name":"wp","href":"https:\/\/api.w.org\/{rel}","templated":true}]}}