{"id":3585,"date":"2025-04-29T15:47:34","date_gmt":"2025-04-29T12:47:34","guid":{"rendered":"https:\/\/invertormerkezi.com\/?post_type=product&#038;p=3585"},"modified":"2025-04-29T15:47:35","modified_gmt":"2025-04-29T12:47:35","slug":"setex-ps40-plc-guc-kaynagi-karti","status":"publish","type":"product","link":"https:\/\/invertormerkezi.com\/index.php\/urun\/setex-ps40-plc-guc-kaynagi-karti\/","title":{"rendered":"SETEX PS40 PLC G\u00dc\u00c7 KAYNA\u011eI KARTI"},"content":{"rendered":"<p>SETEX PS40 PLC G\u00dc\u00c7 KAYNA\u011eI KARTI<\/p>\n","protected":false},"excerpt":{"rendered":"<p>SETEX PS40 PLC G\u00dc\u00c7 KAYNA\u011eI KARTI<\/p>\n","protected":false},"featured_media":3586,"comment_status":"open","ping_status":"closed","template":"","meta":{"om_disable_all_campaigns":false,"_monsterinsights_skip_tracking":false,"_monsterinsights_sitenote_active":false,"_monsterinsights_sitenote_note":"","_monsterinsights_sitenote_category":0,"site-sidebar-layout":"default","site-content-layout":"default","ast-global-header-display":"","ast-main-header-display":"","ast-hfb-above-header-display":"","ast-hfb-below-header-display":"","ast-hfb-mobile-header-display":"","site-post-title":"","ast-breadcrumbs-content":"","ast-featured-img":"","footer-sml-layout":"","theme-transparent-header-meta":"default","adv-header-id-meta":"","stick-header-meta":"","header-above-stick-meta":"","header-main-stick-meta":"","header-below-stick-meta":""},"product_cat":[16,60,445],"product_tag":[447,450,446],"aioseo_notices":[],"_links":{"self":[{"href":"https:\/\/invertormerkezi.com\/index.php\/wp-json\/wp\/v2\/product\/3585"}],"collection":[{"href":"https:\/\/invertormerkezi.com\/index.php\/wp-json\/wp\/v2\/product"}],"about":[{"href":"https:\/\/invertormerkezi.com\/index.php\/wp-json\/wp\/v2\/types\/product"}],"replies":[{"embeddable":true,"href":"https:\/\/invertormerkezi.com\/index.php\/wp-json\/wp\/v2\/comments?post=3585"}],"wp:featuredmedia":[{"embeddable":true,"href":"https:\/\/invertormerkezi.com\/index.php\/wp-json\/wp\/v2\/media\/3586"}],"wp:attachment":[{"href":"https:\/\/invertormerkezi.com\/index.php\/wp-json\/wp\/v2\/media?parent=3585"}],"wp:term":[{"taxonomy":"product_cat","embeddable":true,"href":"https:\/\/invertormerkezi.com\/index.php\/wp-json\/wp\/v2\/product_cat?post=3585"},{"taxonomy":"product_tag","embeddable":true,"href":"https:\/\/invertormerkezi.com\/index.php\/wp-json\/wp\/v2\/product_tag?post=3585"}],"curies":[{"name":"wp","href":"https:\/\/api.w.org\/{rel}","templated":true}]}}