{"id":3597,"date":"2025-05-02T18:01:38","date_gmt":"2025-05-02T15:01:38","guid":{"rendered":"https:\/\/invertormerkezi.com\/?post_type=product&#038;p=3597"},"modified":"2025-05-02T18:01:38","modified_gmt":"2025-05-02T15:01:38","slug":"vacon-nxp-ve-nxs-suruculer-icin-profibus-karti-optc3","status":"publish","type":"product","link":"https:\/\/invertormerkezi.com\/index.php\/urun\/vacon-nxp-ve-nxs-suruculer-icin-profibus-karti-optc3\/","title":{"rendered":"VACON NXP VE NXS S\u00dcR\u00dcC\u00dcLER \u0130\u00c7\u0130N PROFIBUS KARTI OPTC3"},"content":{"rendered":"<p>VACON NXP VE NXS S\u00dcR\u00dcC\u00dcLER \u0130\u00c7\u0130N PROFIBUS KARTI OPTC3<\/p>\n","protected":false},"excerpt":{"rendered":"<p>VACON NXP VE NXS S\u00dcR\u00dcC\u00dcLER \u0130\u00c7\u0130N PROFIBUS KARTI OPTC3<\/p>\n","protected":false},"featured_media":3599,"comment_status":"open","ping_status":"closed","template":"","meta":{"om_disable_all_campaigns":false,"_monsterinsights_skip_tracking":false,"_monsterinsights_sitenote_active":false,"_monsterinsights_sitenote_note":"","_monsterinsights_sitenote_category":0,"site-sidebar-layout":"default","site-content-layout":"default","ast-global-header-display":"","ast-main-header-display":"","ast-hfb-above-header-display":"","ast-hfb-below-header-display":"","ast-hfb-mobile-header-display":"","site-post-title":"","ast-breadcrumbs-content":"","ast-featured-img":"","footer-sml-layout":"","theme-transparent-header-meta":"default","adv-header-id-meta":"","stick-header-meta":"","header-above-stick-meta":"","header-main-stick-meta":"","header-below-stick-meta":""},"product_cat":[16,307],"product_tag":[454,455,456,266],"aioseo_notices":[],"_links":{"self":[{"href":"https:\/\/invertormerkezi.com\/index.php\/wp-json\/wp\/v2\/product\/3597"}],"collection":[{"href":"https:\/\/invertormerkezi.com\/index.php\/wp-json\/wp\/v2\/product"}],"about":[{"href":"https:\/\/invertormerkezi.com\/index.php\/wp-json\/wp\/v2\/types\/product"}],"replies":[{"embeddable":true,"href":"https:\/\/invertormerkezi.com\/index.php\/wp-json\/wp\/v2\/comments?post=3597"}],"wp:featuredmedia":[{"embeddable":true,"href":"https:\/\/invertormerkezi.com\/index.php\/wp-json\/wp\/v2\/media\/3599"}],"wp:attachment":[{"href":"https:\/\/invertormerkezi.com\/index.php\/wp-json\/wp\/v2\/media?parent=3597"}],"wp:term":[{"taxonomy":"product_cat","embeddable":true,"href":"https:\/\/invertormerkezi.com\/index.php\/wp-json\/wp\/v2\/product_cat?post=3597"},{"taxonomy":"product_tag","embeddable":true,"href":"https:\/\/invertormerkezi.com\/index.php\/wp-json\/wp\/v2\/product_tag?post=3597"}],"curies":[{"name":"wp","href":"https:\/\/api.w.org\/{rel}","templated":true}]}}