{"id":3600,"date":"2025-05-02T18:04:26","date_gmt":"2025-05-02T15:04:26","guid":{"rendered":"https:\/\/invertormerkezi.com\/?post_type=product&#038;p=3600"},"modified":"2025-05-02T18:04:26","modified_gmt":"2025-05-02T15:04:26","slug":"vacon-nxp-ve-nxs-serisi-suruculer-icin-encoder-karti-opta5","status":"publish","type":"product","link":"https:\/\/invertormerkezi.com\/index.php\/urun\/vacon-nxp-ve-nxs-serisi-suruculer-icin-encoder-karti-opta5\/","title":{"rendered":"VACON NXP VE NXS SER\u0130S\u0130 S\u00dcR\u00dcC\u00dcLER \u0130\u00c7\u0130N ENCODER KARTI OPTA5"},"content":{"rendered":"<p>VACON NXP VE NXS SER\u0130S\u0130 S\u00dcR\u00dcC\u00dcLER \u0130\u00c7\u0130N ENCODER KARTI OPTA5<\/p>\n","protected":false},"excerpt":{"rendered":"<p>VACON NXP VE NXS SER\u0130S\u0130 S\u00dcR\u00dcC\u00dcLER \u0130\u00c7\u0130N ENCODER KARTI OPTA5<\/p>\n","protected":false},"featured_media":3602,"comment_status":"open","ping_status":"closed","template":"","meta":{"om_disable_all_campaigns":false,"_monsterinsights_skip_tracking":false,"_monsterinsights_sitenote_active":false,"_monsterinsights_sitenote_note":"","_monsterinsights_sitenote_category":0,"site-sidebar-layout":"default","site-content-layout":"default","ast-global-header-display":"","ast-main-header-display":"","ast-hfb-above-header-display":"","ast-hfb-below-header-display":"","ast-hfb-mobile-header-display":"","site-post-title":"","ast-breadcrumbs-content":"","ast-featured-img":"","footer-sml-layout":"","theme-transparent-header-meta":"default","adv-header-id-meta":"","stick-header-meta":"","header-above-stick-meta":"","header-main-stick-meta":"","header-below-stick-meta":""},"product_cat":[16,307],"product_tag":[458,457,454,455,266],"aioseo_notices":[],"_links":{"self":[{"href":"https:\/\/invertormerkezi.com\/index.php\/wp-json\/wp\/v2\/product\/3600"}],"collection":[{"href":"https:\/\/invertormerkezi.com\/index.php\/wp-json\/wp\/v2\/product"}],"about":[{"href":"https:\/\/invertormerkezi.com\/index.php\/wp-json\/wp\/v2\/types\/product"}],"replies":[{"embeddable":true,"href":"https:\/\/invertormerkezi.com\/index.php\/wp-json\/wp\/v2\/comments?post=3600"}],"wp:featuredmedia":[{"embeddable":true,"href":"https:\/\/invertormerkezi.com\/index.php\/wp-json\/wp\/v2\/media\/3602"}],"wp:attachment":[{"href":"https:\/\/invertormerkezi.com\/index.php\/wp-json\/wp\/v2\/media?parent=3600"}],"wp:term":[{"taxonomy":"product_cat","embeddable":true,"href":"https:\/\/invertormerkezi.com\/index.php\/wp-json\/wp\/v2\/product_cat?post=3600"},{"taxonomy":"product_tag","embeddable":true,"href":"https:\/\/invertormerkezi.com\/index.php\/wp-json\/wp\/v2\/product_tag?post=3600"}],"curies":[{"name":"wp","href":"https:\/\/api.w.org\/{rel}","templated":true}]}}