{"id":3616,"date":"2025-11-26T13:56:09","date_gmt":"2025-11-26T10:56:09","guid":{"rendered":"https:\/\/invertormerkezi.com\/?post_type=product&#038;p=3616"},"modified":"2025-11-26T13:56:10","modified_gmt":"2025-11-26T10:56:10","slug":"eura-drives-90-kw-surucu-sifir-kutulu-e2100-0900t3","status":"publish","type":"product","link":"https:\/\/invertormerkezi.com\/index.php\/urun\/eura-drives-90-kw-surucu-sifir-kutulu-e2100-0900t3\/","title":{"rendered":"EURA DRIVES 90 KW S\u00dcR\u00dcC\u00dc (SIFIR-KUTULU) E2100-0900T3"},"content":{"rendered":"<p>EURA DRIVES 90 KW S\u00dcR\u00dcC\u00dc (SIFIR-KUTULU) E2100-0900T3<br \/>\n#EURADRIVES, #90KW, #INVERTER, #E2100-0900T3<\/p>\n","protected":false},"excerpt":{"rendered":"<p>EURA DRIVES 90 KW S\u00dcR\u00dcC\u00dc (SIFIR-KUTULU) E2100-0900T3<br \/>\n#EURADRIVES, #90KW, #INVERTER, #E2100-0900T3<\/p>\n","protected":false},"featured_media":3659,"comment_status":"open","ping_status":"closed","template":"","meta":{"om_disable_all_campaigns":false,"_monsterinsights_skip_tracking":false,"_monsterinsights_sitenote_active":false,"_monsterinsights_sitenote_note":"","_monsterinsights_sitenote_category":0,"site-sidebar-layout":"default","site-content-layout":"default","ast-global-header-display":"","ast-main-header-display":"","ast-hfb-above-header-display":"","ast-hfb-below-header-display":"","ast-hfb-mobile-header-display":"","site-post-title":"","ast-breadcrumbs-content":"","ast-featured-img":"","footer-sml-layout":"","theme-transparent-header-meta":"default","adv-header-id-meta":"","stick-header-meta":"","header-above-stick-meta":"","header-main-stick-meta":"","header-below-stick-meta":""},"product_cat":[16,84],"product_tag":[238,485,486,484,230,67],"aioseo_notices":[],"_links":{"self":[{"href":"https:\/\/invertormerkezi.com\/index.php\/wp-json\/wp\/v2\/product\/3616"}],"collection":[{"href":"https:\/\/invertormerkezi.com\/index.php\/wp-json\/wp\/v2\/product"}],"about":[{"href":"https:\/\/invertormerkezi.com\/index.php\/wp-json\/wp\/v2\/types\/product"}],"replies":[{"embeddable":true,"href":"https:\/\/invertormerkezi.com\/index.php\/wp-json\/wp\/v2\/comments?post=3616"}],"wp:featuredmedia":[{"embeddable":true,"href":"https:\/\/invertormerkezi.com\/index.php\/wp-json\/wp\/v2\/media\/3659"}],"wp:attachment":[{"href":"https:\/\/invertormerkezi.com\/index.php\/wp-json\/wp\/v2\/media?parent=3616"}],"wp:term":[{"taxonomy":"product_cat","embeddable":true,"href":"https:\/\/invertormerkezi.com\/index.php\/wp-json\/wp\/v2\/product_cat?post=3616"},{"taxonomy":"product_tag","embeddable":true,"href":"https:\/\/invertormerkezi.com\/index.php\/wp-json\/wp\/v2\/product_tag?post=3616"}],"curies":[{"name":"wp","href":"https:\/\/api.w.org\/{rel}","templated":true}]}}