{"id":3625,"date":"2025-09-27T14:30:40","date_gmt":"2025-09-27T11:30:40","guid":{"rendered":"https:\/\/invertormerkezi.com\/?post_type=product&#038;p=3625"},"modified":"2025-09-27T14:30:40","modified_gmt":"2025-09-27T11:30:40","slug":"mitsubishi-fr-d700-075-kw-surucu-fr-d740-022sc-ec","status":"publish","type":"product","link":"https:\/\/invertormerkezi.com\/index.php\/urun\/mitsubishi-fr-d700-075-kw-surucu-fr-d740-022sc-ec\/","title":{"rendered":"MITSUBISHI FR-D700 0,75 KW S\u00dcR\u00dcC\u00dc &#8211; FR-D740-022SC-EC"},"content":{"rendered":"<p>MITSUBISHI FR-D700 0,75 KW S\u00dcR\u00dcC\u00dc &#8211; FR-D740-022SC-EC<br \/>\n#MITSUBISHI, #FR-D700, #INVERTER, #FR-D740-022SC-EC<\/p>\n","protected":false},"excerpt":{"rendered":"<p>MITSUBISHI FR-D700 0,75 KW S\u00dcR\u00dcC\u00dc &#8211; FR-D740-022SC-EC<br \/>\n#MITSUBISHI, #FR-D700, #INVERTER, #FR-D740-022SC-EC<\/p>\n","protected":false},"featured_media":3628,"comment_status":"open","ping_status":"closed","template":"","meta":{"om_disable_all_campaigns":false,"_monsterinsights_skip_tracking":false,"_monsterinsights_sitenote_active":false,"_monsterinsights_sitenote_note":"","_monsterinsights_sitenote_category":0,"site-sidebar-layout":"default","site-content-layout":"default","ast-global-header-display":"","ast-main-header-display":"","ast-hfb-above-header-display":"","ast-hfb-below-header-display":"","ast-hfb-mobile-header-display":"","site-post-title":"","ast-breadcrumbs-content":"","ast-featured-img":"","footer-sml-layout":"","theme-transparent-header-meta":"default","adv-header-id-meta":"","stick-header-meta":"","header-above-stick-meta":"","header-main-stick-meta":"","header-below-stick-meta":""},"product_cat":[16,102],"product_tag":[186,471,470,230,151],"aioseo_notices":[],"_links":{"self":[{"href":"https:\/\/invertormerkezi.com\/index.php\/wp-json\/wp\/v2\/product\/3625"}],"collection":[{"href":"https:\/\/invertormerkezi.com\/index.php\/wp-json\/wp\/v2\/product"}],"about":[{"href":"https:\/\/invertormerkezi.com\/index.php\/wp-json\/wp\/v2\/types\/product"}],"replies":[{"embeddable":true,"href":"https:\/\/invertormerkezi.com\/index.php\/wp-json\/wp\/v2\/comments?post=3625"}],"wp:featuredmedia":[{"embeddable":true,"href":"https:\/\/invertormerkezi.com\/index.php\/wp-json\/wp\/v2\/media\/3628"}],"wp:attachment":[{"href":"https:\/\/invertormerkezi.com\/index.php\/wp-json\/wp\/v2\/media?parent=3625"}],"wp:term":[{"taxonomy":"product_cat","embeddable":true,"href":"https:\/\/invertormerkezi.com\/index.php\/wp-json\/wp\/v2\/product_cat?post=3625"},{"taxonomy":"product_tag","embeddable":true,"href":"https:\/\/invertormerkezi.com\/index.php\/wp-json\/wp\/v2\/product_tag?post=3625"}],"curies":[{"name":"wp","href":"https:\/\/api.w.org\/{rel}","templated":true}]}}