{"id":3639,"date":"2025-10-17T19:06:24","date_gmt":"2025-10-17T16:06:24","guid":{"rendered":"https:\/\/invertormerkezi.com\/?post_type=product&#038;p=3639"},"modified":"2025-10-17T19:06:24","modified_gmt":"2025-10-17T16:06:24","slug":"yaskawa-magnatek-11-kw-surucu-gpd515c-b021","status":"publish","type":"product","link":"https:\/\/invertormerkezi.com\/index.php\/urun\/yaskawa-magnatek-11-kw-surucu-gpd515c-b021\/","title":{"rendered":"YASKAWA MAGNATEK 11 KW S\u00dcR\u00dcC\u00dc GPD515C-B021"},"content":{"rendered":"<p>YASKAWA MAGNATEK 11 KW S\u00dcR\u00dcC\u00dc GPD515C-B021<br \/>\n#YASKAWA, #MAGNATEK, #11KW, #GPD515C-B021<\/p>\n","protected":false},"excerpt":{"rendered":"<p>YASKAWA MAGNATEK 11 KW S\u00dcR\u00dcC\u00dc GPD515C-B021<br \/>\n#YASKAWA, #MAGNATEK, #11KW, #GPD515C-B021<\/p>\n","protected":false},"featured_media":3641,"comment_status":"open","ping_status":"closed","template":"","meta":{"om_disable_all_campaigns":false,"_monsterinsights_skip_tracking":false,"_monsterinsights_sitenote_active":false,"_monsterinsights_sitenote_note":"","_monsterinsights_sitenote_category":0,"site-sidebar-layout":"default","site-content-layout":"default","ast-global-header-display":"","ast-main-header-display":"","ast-hfb-above-header-display":"","ast-hfb-below-header-display":"","ast-hfb-mobile-header-display":"","site-post-title":"","ast-breadcrumbs-content":"","ast-featured-img":"","footer-sml-layout":"","theme-transparent-header-meta":"default","adv-header-id-meta":"","stick-header-meta":"","header-above-stick-meta":"","header-main-stick-meta":"","header-below-stick-meta":""},"product_cat":[16,105,119],"product_tag":[180,479,480,166],"aioseo_notices":[],"_links":{"self":[{"href":"https:\/\/invertormerkezi.com\/index.php\/wp-json\/wp\/v2\/product\/3639"}],"collection":[{"href":"https:\/\/invertormerkezi.com\/index.php\/wp-json\/wp\/v2\/product"}],"about":[{"href":"https:\/\/invertormerkezi.com\/index.php\/wp-json\/wp\/v2\/types\/product"}],"replies":[{"embeddable":true,"href":"https:\/\/invertormerkezi.com\/index.php\/wp-json\/wp\/v2\/comments?post=3639"}],"wp:featuredmedia":[{"embeddable":true,"href":"https:\/\/invertormerkezi.com\/index.php\/wp-json\/wp\/v2\/media\/3641"}],"wp:attachment":[{"href":"https:\/\/invertormerkezi.com\/index.php\/wp-json\/wp\/v2\/media?parent=3639"}],"wp:term":[{"taxonomy":"product_cat","embeddable":true,"href":"https:\/\/invertormerkezi.com\/index.php\/wp-json\/wp\/v2\/product_cat?post=3639"},{"taxonomy":"product_tag","embeddable":true,"href":"https:\/\/invertormerkezi.com\/index.php\/wp-json\/wp\/v2\/product_tag?post=3639"}],"curies":[{"name":"wp","href":"https:\/\/api.w.org\/{rel}","templated":true}]}}