{"id":3655,"date":"2025-11-24T18:55:33","date_gmt":"2025-11-24T15:55:33","guid":{"rendered":"https:\/\/invertormerkezi.com\/?post_type=product&#038;p=3655"},"modified":"2025-11-26T13:51:42","modified_gmt":"2025-11-26T10:51:42","slug":"schneider-atv71-30-kw-surucu-690v-atv71hd30y","status":"publish","type":"product","link":"https:\/\/invertormerkezi.com\/index.php\/urun\/schneider-atv71-30-kw-surucu-690v-atv71hd30y\/","title":{"rendered":"SCHNEIDER ATV71 30 KW S\u00dcR\u00dcC\u00dc 690V ATV71HD30Y"},"content":{"rendered":"<p>SCHNEIDER ATV71 30 KW S\u00dcR\u00dcC\u00dc 690V ATV71HD30Y<br \/>\n#SCHNEIDER, #ATV71, #30KW, #690V<\/p>\n","protected":false},"excerpt":{"rendered":"<p>SCHNEIDER ATV71 30 KW S\u00dcR\u00dcC\u00dc 690V ATV71HD30Y<br \/>\n#SCHNEIDER, #ATV71, #30KW, #690V<\/p>\n","protected":false},"featured_media":3657,"comment_status":"open","ping_status":"closed","template":"","meta":{"om_disable_all_campaigns":false,"_monsterinsights_skip_tracking":false,"_monsterinsights_sitenote_active":false,"_monsterinsights_sitenote_note":"","_monsterinsights_sitenote_category":0,"site-sidebar-layout":"default","site-content-layout":"default","ast-global-header-display":"","ast-main-header-display":"","ast-hfb-above-header-display":"","ast-hfb-below-header-display":"","ast-hfb-mobile-header-display":"","site-post-title":"","ast-breadcrumbs-content":"","ast-featured-img":"","footer-sml-layout":"","theme-transparent-header-meta":"default","adv-header-id-meta":"","stick-header-meta":"","header-above-stick-meta":"","header-main-stick-meta":"","header-below-stick-meta":""},"product_cat":[16,296,110],"product_tag":[201,481,253,483,172],"aioseo_notices":[],"_links":{"self":[{"href":"https:\/\/invertormerkezi.com\/index.php\/wp-json\/wp\/v2\/product\/3655"}],"collection":[{"href":"https:\/\/invertormerkezi.com\/index.php\/wp-json\/wp\/v2\/product"}],"about":[{"href":"https:\/\/invertormerkezi.com\/index.php\/wp-json\/wp\/v2\/types\/product"}],"replies":[{"embeddable":true,"href":"https:\/\/invertormerkezi.com\/index.php\/wp-json\/wp\/v2\/comments?post=3655"}],"wp:featuredmedia":[{"embeddable":true,"href":"https:\/\/invertormerkezi.com\/index.php\/wp-json\/wp\/v2\/media\/3657"}],"wp:attachment":[{"href":"https:\/\/invertormerkezi.com\/index.php\/wp-json\/wp\/v2\/media?parent=3655"}],"wp:term":[{"taxonomy":"product_cat","embeddable":true,"href":"https:\/\/invertormerkezi.com\/index.php\/wp-json\/wp\/v2\/product_cat?post=3655"},{"taxonomy":"product_tag","embeddable":true,"href":"https:\/\/invertormerkezi.com\/index.php\/wp-json\/wp\/v2\/product_tag?post=3655"}],"curies":[{"name":"wp","href":"https:\/\/api.w.org\/{rel}","templated":true}]}}