{"id":3678,"date":"2025-11-27T13:41:06","date_gmt":"2025-11-27T10:41:06","guid":{"rendered":"https:\/\/invertormerkezi.com\/?post_type=product&#038;p=3678"},"modified":"2025-11-27T13:41:06","modified_gmt":"2025-11-27T10:41:06","slug":"abb-acs800-22-kw-surucu-acs800-01-0004-5r056c132l50","status":"publish","type":"product","link":"https:\/\/invertormerkezi.com\/index.php\/urun\/abb-acs800-22-kw-surucu-acs800-01-0004-5r056c132l50\/","title":{"rendered":"ABB ACS800 2,2 KW S\u00dcR\u00dcC\u00dc ACS800-01-0004-5+R056+C132+L50"},"content":{"rendered":"<p>ABB ACS800 2,2 KW S\u00dcR\u00dcC\u00dc ACS800-01-0004-5+R056+C132+L50<\/p>\n","protected":false},"excerpt":{"rendered":"<p>ABB ACS800 2,2 KW S\u00dcR\u00dcC\u00dc ACS800-01-0004-5+R056+C132+L50<\/p>\n","protected":false},"featured_media":3680,"comment_status":"open","ping_status":"closed","template":"","meta":{"om_disable_all_campaigns":false,"_monsterinsights_skip_tracking":false,"_monsterinsights_sitenote_active":false,"_monsterinsights_sitenote_note":"","_monsterinsights_sitenote_category":0,"site-sidebar-layout":"default","site-content-layout":"default","ast-global-header-display":"","ast-main-header-display":"","ast-hfb-above-header-display":"","ast-hfb-below-header-display":"","ast-hfb-mobile-header-display":"","site-post-title":"","ast-breadcrumbs-content":"","ast-featured-img":"","footer-sml-layout":"","theme-transparent-header-meta":"default","adv-header-id-meta":"","stick-header-meta":"","header-above-stick-meta":"","header-main-stick-meta":"","header-below-stick-meta":""},"product_cat":[16,70,131],"product_tag":[191,62,338,496,399,230,67],"aioseo_notices":[],"_links":{"self":[{"href":"https:\/\/invertormerkezi.com\/index.php\/wp-json\/wp\/v2\/product\/3678"}],"collection":[{"href":"https:\/\/invertormerkezi.com\/index.php\/wp-json\/wp\/v2\/product"}],"about":[{"href":"https:\/\/invertormerkezi.com\/index.php\/wp-json\/wp\/v2\/types\/product"}],"replies":[{"embeddable":true,"href":"https:\/\/invertormerkezi.com\/index.php\/wp-json\/wp\/v2\/comments?post=3678"}],"wp:featuredmedia":[{"embeddable":true,"href":"https:\/\/invertormerkezi.com\/index.php\/wp-json\/wp\/v2\/media\/3680"}],"wp:attachment":[{"href":"https:\/\/invertormerkezi.com\/index.php\/wp-json\/wp\/v2\/media?parent=3678"}],"wp:term":[{"taxonomy":"product_cat","embeddable":true,"href":"https:\/\/invertormerkezi.com\/index.php\/wp-json\/wp\/v2\/product_cat?post=3678"},{"taxonomy":"product_tag","embeddable":true,"href":"https:\/\/invertormerkezi.com\/index.php\/wp-json\/wp\/v2\/product_tag?post=3678"}],"curies":[{"name":"wp","href":"https:\/\/api.w.org\/{rel}","templated":true}]}}