{"id":3699,"date":"2025-11-28T18:28:42","date_gmt":"2025-11-28T15:28:42","guid":{"rendered":"https:\/\/invertormerkezi.com\/?post_type=product&#038;p=3699"},"modified":"2025-11-28T18:28:42","modified_gmt":"2025-11-28T15:28:42","slug":"delta-c2000-30-kw-surucu-vfd300c43a","status":"publish","type":"product","link":"https:\/\/invertormerkezi.com\/index.php\/urun\/delta-c2000-30-kw-surucu-vfd300c43a\/","title":{"rendered":"DELTA C2000 30 KW S\u00dcR\u00dcC\u00dc VFD300C43A"},"content":{"rendered":"<p>DELTA C2000 30 KW S\u00dcR\u00dcC\u00dc VFD300C43A<\/p>\n","protected":false},"excerpt":{"rendered":"<p>DELTA C2000 30 KW S\u00dcR\u00dcC\u00dc VFD300C43A<\/p>\n","protected":false},"featured_media":3701,"comment_status":"open","ping_status":"closed","template":"","meta":{"om_disable_all_campaigns":false,"_monsterinsights_skip_tracking":false,"_monsterinsights_sitenote_active":false,"_monsterinsights_sitenote_note":"","_monsterinsights_sitenote_category":0,"site-sidebar-layout":"default","site-content-layout":"default","ast-global-header-display":"","ast-main-header-display":"","ast-hfb-above-header-display":"","ast-hfb-below-header-display":"","ast-hfb-mobile-header-display":"","site-post-title":"","ast-breadcrumbs-content":"","ast-featured-img":"","footer-sml-layout":"","theme-transparent-header-meta":"default","adv-header-id-meta":"","stick-header-meta":"","header-above-stick-meta":"","header-main-stick-meta":"","header-below-stick-meta":""},"product_cat":[16,78],"product_tag":[201,134,399,230,67,508,509],"aioseo_notices":[],"_links":{"self":[{"href":"https:\/\/invertormerkezi.com\/index.php\/wp-json\/wp\/v2\/product\/3699"}],"collection":[{"href":"https:\/\/invertormerkezi.com\/index.php\/wp-json\/wp\/v2\/product"}],"about":[{"href":"https:\/\/invertormerkezi.com\/index.php\/wp-json\/wp\/v2\/types\/product"}],"replies":[{"embeddable":true,"href":"https:\/\/invertormerkezi.com\/index.php\/wp-json\/wp\/v2\/comments?post=3699"}],"wp:featuredmedia":[{"embeddable":true,"href":"https:\/\/invertormerkezi.com\/index.php\/wp-json\/wp\/v2\/media\/3701"}],"wp:attachment":[{"href":"https:\/\/invertormerkezi.com\/index.php\/wp-json\/wp\/v2\/media?parent=3699"}],"wp:term":[{"taxonomy":"product_cat","embeddable":true,"href":"https:\/\/invertormerkezi.com\/index.php\/wp-json\/wp\/v2\/product_cat?post=3699"},{"taxonomy":"product_tag","embeddable":true,"href":"https:\/\/invertormerkezi.com\/index.php\/wp-json\/wp\/v2\/product_tag?post=3699"}],"curies":[{"name":"wp","href":"https:\/\/api.w.org\/{rel}","templated":true}]}}