{"id":3716,"date":"2025-12-02T18:39:05","date_gmt":"2025-12-02T15:39:05","guid":{"rendered":"https:\/\/invertormerkezi.com\/?post_type=product&#038;p=3716"},"modified":"2025-12-02T18:41:17","modified_gmt":"2025-12-02T15:41:17","slug":"rexroth-dkc03-servo-surucu-11a-380v-dkc03-3-040-7-fw","status":"publish","type":"product","link":"https:\/\/invertormerkezi.com\/index.php\/urun\/rexroth-dkc03-servo-surucu-11a-380v-dkc03-3-040-7-fw\/","title":{"rendered":"REXROTH DKC03 SERVO S\u00dcR\u00dcC\u00dc 11A 380V DKC03.3-040-7-FW"},"content":{"rendered":"<p>REXROTH DKC03 SERVO S\u00dcR\u00dcC\u00dc 11A 380V DKC03.3-040-7-FW<\/p>\n","protected":false},"excerpt":{"rendered":"<p>REXROTH DKC03 SERVO S\u00dcR\u00dcC\u00dc 11A 380V DKC03.3-040-7-FW<\/p>\n","protected":false},"featured_media":3717,"comment_status":"open","ping_status":"closed","template":"","meta":{"om_disable_all_campaigns":false,"_monsterinsights_skip_tracking":false,"_monsterinsights_sitenote_active":false,"_monsterinsights_sitenote_note":"","_monsterinsights_sitenote_category":0,"site-sidebar-layout":"default","site-content-layout":"default","ast-global-header-display":"","ast-main-header-display":"","ast-hfb-above-header-display":"","ast-hfb-below-header-display":"","ast-hfb-mobile-header-display":"","site-post-title":"","ast-breadcrumbs-content":"","ast-featured-img":"","footer-sml-layout":"","theme-transparent-header-meta":"default","adv-header-id-meta":"","stick-header-meta":"","header-above-stick-meta":"","header-main-stick-meta":"","header-below-stick-meta":""},"product_cat":[16,518],"product_tag":[521,519,230,520,163,67],"aioseo_notices":[],"_links":{"self":[{"href":"https:\/\/invertormerkezi.com\/index.php\/wp-json\/wp\/v2\/product\/3716"}],"collection":[{"href":"https:\/\/invertormerkezi.com\/index.php\/wp-json\/wp\/v2\/product"}],"about":[{"href":"https:\/\/invertormerkezi.com\/index.php\/wp-json\/wp\/v2\/types\/product"}],"replies":[{"embeddable":true,"href":"https:\/\/invertormerkezi.com\/index.php\/wp-json\/wp\/v2\/comments?post=3716"}],"wp:featuredmedia":[{"embeddable":true,"href":"https:\/\/invertormerkezi.com\/index.php\/wp-json\/wp\/v2\/media\/3717"}],"wp:attachment":[{"href":"https:\/\/invertormerkezi.com\/index.php\/wp-json\/wp\/v2\/media?parent=3716"}],"wp:term":[{"taxonomy":"product_cat","embeddable":true,"href":"https:\/\/invertormerkezi.com\/index.php\/wp-json\/wp\/v2\/product_cat?post=3716"},{"taxonomy":"product_tag","embeddable":true,"href":"https:\/\/invertormerkezi.com\/index.php\/wp-json\/wp\/v2\/product_tag?post=3716"}],"curies":[{"name":"wp","href":"https:\/\/api.w.org\/{rel}","templated":true}]}}