{"id":3722,"date":"2025-12-09T16:57:06","date_gmt":"2025-12-09T13:57:06","guid":{"rendered":"https:\/\/invertormerkezi.com\/?post_type=product&#038;p=3722"},"modified":"2025-12-09T16:57:06","modified_gmt":"2025-12-09T13:57:06","slug":"leroy-somer-sp1404-22-3-kw-surucu-380v","status":"publish","type":"product","link":"https:\/\/invertormerkezi.com\/index.php\/urun\/leroy-somer-sp1404-22-3-kw-surucu-380v\/","title":{"rendered":"LEROY SOMER SP1404 2,2\/3 KW S\u00dcR\u00dcC\u00dc 380V"},"content":{"rendered":"<p>LEROY SOMER SP1404 2,2\/3 KW S\u00dcR\u00dcC\u00dc 380V<\/p>\n","protected":false},"excerpt":{"rendered":"<p>LEROY SOMER SP1404 2,2\/3 KW S\u00dcR\u00dcC\u00dc 380V<\/p>\n","protected":false},"featured_media":3724,"comment_status":"open","ping_status":"closed","template":"","meta":{"om_disable_all_campaigns":false,"_monsterinsights_skip_tracking":false,"_monsterinsights_sitenote_active":false,"_monsterinsights_sitenote_note":"","_monsterinsights_sitenote_category":0,"site-sidebar-layout":"default","site-content-layout":"default","ast-global-header-display":"","ast-main-header-display":"","ast-hfb-above-header-display":"","ast-hfb-below-header-display":"","ast-hfb-mobile-header-display":"","site-post-title":"","ast-breadcrumbs-content":"","ast-featured-img":"","footer-sml-layout":"","theme-transparent-header-meta":"default","adv-header-id-meta":"","stick-header-meta":"","header-above-stick-meta":"","header-main-stick-meta":"","header-below-stick-meta":""},"product_cat":[16,75,96,161],"product_tag":[286,503,230,522,523,524,67],"aioseo_notices":[],"_links":{"self":[{"href":"https:\/\/invertormerkezi.com\/index.php\/wp-json\/wp\/v2\/product\/3722"}],"collection":[{"href":"https:\/\/invertormerkezi.com\/index.php\/wp-json\/wp\/v2\/product"}],"about":[{"href":"https:\/\/invertormerkezi.com\/index.php\/wp-json\/wp\/v2\/types\/product"}],"replies":[{"embeddable":true,"href":"https:\/\/invertormerkezi.com\/index.php\/wp-json\/wp\/v2\/comments?post=3722"}],"wp:featuredmedia":[{"embeddable":true,"href":"https:\/\/invertormerkezi.com\/index.php\/wp-json\/wp\/v2\/media\/3724"}],"wp:attachment":[{"href":"https:\/\/invertormerkezi.com\/index.php\/wp-json\/wp\/v2\/media?parent=3722"}],"wp:term":[{"taxonomy":"product_cat","embeddable":true,"href":"https:\/\/invertormerkezi.com\/index.php\/wp-json\/wp\/v2\/product_cat?post=3722"},{"taxonomy":"product_tag","embeddable":true,"href":"https:\/\/invertormerkezi.com\/index.php\/wp-json\/wp\/v2\/product_tag?post=3722"}],"curies":[{"name":"wp","href":"https:\/\/api.w.org\/{rel}","templated":true}]}}