{"id":3747,"date":"2026-02-18T11:30:14","date_gmt":"2026-02-18T08:30:14","guid":{"rendered":"https:\/\/invertormerkezi.com\/?post_type=product&#038;p=3747"},"modified":"2026-02-18T11:30:15","modified_gmt":"2026-02-18T08:30:15","slug":"abb-acs550-22-3-kw-surucu-acs550-01-06a9-4","status":"publish","type":"product","link":"https:\/\/invertormerkezi.com\/index.php\/urun\/abb-acs550-22-3-kw-surucu-acs550-01-06a9-4\/","title":{"rendered":"ABB ACS550 2,2\/3 KW S\u00dcR\u00dcC\u00dc ACS550-01-06A9-4"},"content":{"rendered":"<p>ABB ACS550 2,2\/3 KW S\u00dcR\u00dcC\u00dc ACS550-01-06A9-4<br \/>\n#ABB,#ACS550, #ACS550-01-06A9-4<\/p>\n","protected":false},"excerpt":{"rendered":"<p>ABB ACS550 2,2\/3 KW S\u00dcR\u00dcC\u00dc ACS550-01-06A9-4<br \/>\n#ABB,#ACS550, #ACS550-01-06A9-4<\/p>\n","protected":false},"featured_media":3749,"comment_status":"open","ping_status":"closed","template":"","meta":{"om_disable_all_campaigns":false,"_monsterinsights_skip_tracking":false,"_monsterinsights_sitenote_active":false,"_monsterinsights_sitenote_note":"","_monsterinsights_sitenote_category":0,"site-sidebar-layout":"default","site-content-layout":"default","ast-global-header-display":"","ast-main-header-display":"","ast-hfb-above-header-display":"","ast-hfb-below-header-display":"","ast-hfb-mobile-header-display":"","site-post-title":"","ast-breadcrumbs-content":"","ast-featured-img":"","footer-sml-layout":"","theme-transparent-header-meta":"default","adv-header-id-meta":"","stick-header-meta":"","header-above-stick-meta":"","header-main-stick-meta":"","header-below-stick-meta":""},"product_cat":[16,70,131],"product_tag":[62,530,531,432,230],"aioseo_notices":[],"_links":{"self":[{"href":"https:\/\/invertormerkezi.com\/index.php\/wp-json\/wp\/v2\/product\/3747"}],"collection":[{"href":"https:\/\/invertormerkezi.com\/index.php\/wp-json\/wp\/v2\/product"}],"about":[{"href":"https:\/\/invertormerkezi.com\/index.php\/wp-json\/wp\/v2\/types\/product"}],"replies":[{"embeddable":true,"href":"https:\/\/invertormerkezi.com\/index.php\/wp-json\/wp\/v2\/comments?post=3747"}],"wp:featuredmedia":[{"embeddable":true,"href":"https:\/\/invertormerkezi.com\/index.php\/wp-json\/wp\/v2\/media\/3749"}],"wp:attachment":[{"href":"https:\/\/invertormerkezi.com\/index.php\/wp-json\/wp\/v2\/media?parent=3747"}],"wp:term":[{"taxonomy":"product_cat","embeddable":true,"href":"https:\/\/invertormerkezi.com\/index.php\/wp-json\/wp\/v2\/product_cat?post=3747"},{"taxonomy":"product_tag","embeddable":true,"href":"https:\/\/invertormerkezi.com\/index.php\/wp-json\/wp\/v2\/product_tag?post=3747"}],"curies":[{"name":"wp","href":"https:\/\/api.w.org\/{rel}","templated":true}]}}