{"id":3770,"date":"2026-02-18T15:28:39","date_gmt":"2026-02-18T12:28:39","guid":{"rendered":"https:\/\/invertormerkezi.com\/?post_type=product&#038;p=3770"},"modified":"2026-02-18T17:53:29","modified_gmt":"2026-02-18T14:53:29","slug":"abb-acs800-200-kw-surucu-acs800-04-430a-5","status":"publish","type":"product","link":"https:\/\/invertormerkezi.com\/index.php\/urun\/abb-acs800-200-kw-surucu-acs800-04-430a-5\/","title":{"rendered":"ABB ACS800 200 KW S\u00dcR\u00dcC\u00dc ACS800-04-430A-5"},"content":{"rendered":"<p>ABB ACS800 200 KW S\u00dcR\u00dcC\u00dc ACS800-04-430A-5<br \/>\n#ABB, #ACS800, #200KW, #ACS800-04-430A-5<\/p>\n","protected":false},"excerpt":{"rendered":"<p>ABB ACS800 200 KW S\u00dcR\u00dcC\u00dc ACS800-04-430A-5<br \/>\n#ABB, #ACS800, #200KW, #ACS800-04-430A-5<\/p>\n","protected":false},"featured_media":3772,"comment_status":"open","ping_status":"closed","template":"","meta":{"om_disable_all_campaigns":false,"_monsterinsights_skip_tracking":false,"_monsterinsights_sitenote_active":false,"_monsterinsights_sitenote_note":"","_monsterinsights_sitenote_category":0,"site-sidebar-layout":"default","site-content-layout":"default","ast-global-header-display":"","ast-main-header-display":"","ast-hfb-above-header-display":"","ast-hfb-below-header-display":"","ast-hfb-mobile-header-display":"","site-post-title":"","ast-breadcrumbs-content":"","ast-featured-img":"","footer-sml-layout":"","theme-transparent-header-meta":"default","adv-header-id-meta":"","stick-header-meta":"","header-above-stick-meta":"","header-main-stick-meta":"","header-below-stick-meta":""},"product_cat":[16,70,131],"product_tag":[62,338,536,399,230],"aioseo_notices":[],"_links":{"self":[{"href":"https:\/\/invertormerkezi.com\/index.php\/wp-json\/wp\/v2\/product\/3770"}],"collection":[{"href":"https:\/\/invertormerkezi.com\/index.php\/wp-json\/wp\/v2\/product"}],"about":[{"href":"https:\/\/invertormerkezi.com\/index.php\/wp-json\/wp\/v2\/types\/product"}],"replies":[{"embeddable":true,"href":"https:\/\/invertormerkezi.com\/index.php\/wp-json\/wp\/v2\/comments?post=3770"}],"wp:featuredmedia":[{"embeddable":true,"href":"https:\/\/invertormerkezi.com\/index.php\/wp-json\/wp\/v2\/media\/3772"}],"wp:attachment":[{"href":"https:\/\/invertormerkezi.com\/index.php\/wp-json\/wp\/v2\/media?parent=3770"}],"wp:term":[{"taxonomy":"product_cat","embeddable":true,"href":"https:\/\/invertormerkezi.com\/index.php\/wp-json\/wp\/v2\/product_cat?post=3770"},{"taxonomy":"product_tag","embeddable":true,"href":"https:\/\/invertormerkezi.com\/index.php\/wp-json\/wp\/v2\/product_tag?post=3770"}],"curies":[{"name":"wp","href":"https:\/\/api.w.org\/{rel}","templated":true}]}}